{"id":27398976,"date":"2026-04-05T11:30:23","date_gmt":"2026-04-05T11:30:23","guid":{"rendered":"https:\/\/p-el4lkh.project.space\/?page_id=27398976"},"modified":"2026-04-05T11:45:19","modified_gmt":"2026-04-05T11:45:19","slug":"compliance","status":"publish","type":"page","link":"https:\/\/www.tqgg.com\/de\/compliance\/","title":{"rendered":"Compliance"},"content":{"rendered":"<p>[et_pb_section fb_built=&#8220;1&#8243; _builder_version=&#8220;4.27.6&#8243; _module_preset=&#8220;default&#8220; locked=&#8220;off&#8220; global_colors_info=&#8220;{}&#8220;][et_pb_row _builder_version=&#8220;4.27.6&#8243; _module_preset=&#8220;default&#8220; max_width=&#8220;80%&#8220; global_colors_info=&#8220;{}&#8220;][et_pb_column type=&#8220;4_4&#8243; _builder_version=&#8220;4.27.6&#8243; _module_preset=&#8220;default&#8220; global_colors_info=&#8220;{}&#8220;][et_pb_text _builder_version=&#8220;4.27.6&#8243; _module_preset=&#8220;default&#8220; text_font=&#8220;&#8211;et_global_body_font|100|||||||&#8220; text_text_color=&#8220;#000000&#8243; text_font_size=&#8220;17px&#8220; text_line_height=&#8220;1.6em&#8220; header_font=&#8220;|600||on|||||&#8220; header_font_size=&#8220;45px&#8220; hover_enabled=&#8220;0&#8243; text_font_size_tablet=&#8220;17px&#8220; text_font_size_phone=&#8220;16px&#8220; text_font_size_last_edited=&#8220;on|desktop&#8220; text_line_height_tablet=&#8220;1.4em&#8220; text_line_height_phone=&#8220;1.4em&#8220; text_line_height_last_edited=&#8220;on|phone&#8220; header_font_size_tablet=&#8220;25px&#8220; header_font_size_phone=&#8220;18px&#8220; header_font_size_last_edited=&#8220;on|phone&#8220; locked=&#8220;off&#8220; global_colors_info=&#8220;{}&#8220; sticky_enabled=&#8220;0&#8243;]<\/p>\n<h1>Compliance<\/h1>\n<p><strong>Fragen &amp; Antworten zur Ombudsstelle, zum Beschwerdeverfahren nach dem Lieferkettensorgfaltspflichtengesetz und zum internetbasierten Hinweisgebersystem bei der The Quality Group GmbH und ihren Tochterunternehmen (\u201eTQGG\u201c)<\/strong><\/p>\n<h2>Was ist eine Ombudsstelle \/ Beschwerdestelle (\u201eHinweisgebersystem\u201c) ?<\/h2>\n<p>TQGG hat im Zuge der Bek\u00e4mpfung von Verst\u00f6\u00dfen gegen gesetzliche Vorschriften und\/oder unternehmensinterne Compliance-Regeln sowie von Verst\u00f6\u00dfen gegen menschenrechts- und umweltbezogene Sorgfaltspflichten eine externe Rechtsanw\u00e4ltin als Ombudsanw\u00e4ltin und Ansprechpartnerin f\u00fcr unser Hinweisgebersystem berufen. Die Ombudsanw\u00e4ltin steht allen Hinweisgebern zur Verf\u00fcgung, die einen vertraulichen Hinweis auf Unregelm\u00e4\u00dfigkeiten bei der TQGG geben m\u00f6chten.<\/p>\n<h2>Wer kann sich an das Hinweisgebersystem wenden?<\/h2>\n<p>Unser Hinweisgebersystem, das durch unsere Ombudsanw\u00e4ltin betrieben wird, steht grunds\u00e4tzlich allen zur Verf\u00fcgung, die Hinweise auf rechtswidriges Verhalten geben k\u00f6nnen. Dies k\u00f6nnen Mitarbeiter, Kunden oder sonstige Dritte sein. Entgegengenommen werden alle Hinweise, bei denen Sie einen Verdacht auf einen Versto\u00df haben und die sich in dem vorgegebenen Themenbereich befinden.<\/p>\n<h2>Zu welchen Themen k\u00f6nnen Hinweise abgeben werden?<\/h2>\n<p>Das Hinweisgebersystem steht f\u00fcr Hinweise bez\u00fcglich Gesetzes- und Regelverst\u00f6\u00dfe sowie menschenrechts- und umweltbezogene Risiken und Sorgfaltspflichtverletzungen zur Verf\u00fcgung, sofern diese unser Unternehmen, unseren Gesch\u00e4ftsbereich oder unsere Zulieferer entlang der gesamten Lieferkette betreffen.<br \/>\nDie Themen der Meldeinhalte beinhalten insbesondere folgendes:<\/p>\n<ul>\n<li>Korruption, Geldw\u00e4sche, Bestechung, Terrorismusfinanzierung, Verst\u00f6\u00dfe gegen Exportkontrollen<\/li>\n<li>Wettbewerbswidriges Verhalten<\/li>\n<li>Verst\u00f6\u00dfe gegen den Verhaltenskodex und andere interne Richtlinien von TQGG (z.B. Einkaufsrichtlinien)<\/li>\n<li>Produktsicherheit<\/li>\n<li>Diskriminierung, Mobbing, Grundrechte<\/li>\n<li>Gesundheit, Betriebssicherheit, Arbeitsschutz<\/li>\n<li>Personalthemen, einschlie\u00dflich Missachtung von Arbeitsanweisungen<\/li>\n<li>Datenschutz- und Informationssicherheits-Verst\u00f6\u00dfe<\/li>\n<li>Kartellrechtsverst\u00f6\u00dfe<\/li>\n<li>EU-Sachverhalte im Sinne der EU-Whistleblower-Richtlinie, 2019\/1937<\/li>\n<li>Verst\u00f6\u00dfe gegen menschenrechts- und umweltbezogene Sorgfaltspflichten.<br \/>\nDas Hinweisgebersystem ist nicht f\u00fcr Beschwerden bezogen auf das operative Gesch\u00e4ft gedacht. Hinweise, die \u00fcber das Hinweisgebersystem gemeldet werden und die Sachverhalte au\u00dferhalb des definierten Themenbereiches betreffen, werden an die entsprechenden Ansprechpartner vorbehaltlich der Zustimmung des Hinweisgebers weitergeleitet oder es werden die entsprechenden Ansprechpartner benannt.<\/li>\n<\/ul>\n<h2>Wie k\u00f6nnen Hinweise abgegeben werden?<\/h2>\n<p><strong>TQGG:<\/strong><br \/>\nUnsere Mitarbeiter k\u00f6nnen sich mit Hinweisen jederzeit an Vorgesetzte, die Personalabteilung, den General Counsel oder sonstige Stellen im Unternehmen wenden.<\/p>\n<p><strong>Hinweisgebersystem \/ Ombudsanw\u00e4ltin:<\/strong><br \/>\nAu\u00dferdem steht unseren Mitarbeitern, unseren Gesch\u00e4ftspartnern und sonstigen Dritten unser Hinweisgebersystem zur Verf\u00fcgung, \u00fcber das Meldungen bei unserer Ombudsanw\u00e4ltin eingereicht werden k\u00f6nnen. Sie k\u00f6nnen Ihre Hinweise telefonisch, postalisch, per E-Mail oder in einem pers\u00f6nlichen Termin einreichen.<\/p>\n<p>Rechtsanw\u00e4ltin Dr. Kathrin J. Niewiarra, Ombudsfrau<br \/>\nPhilippistrasse 11<br \/>\n14059 Berlin<\/p>\n<p>Mail: TQGG@compliance-aid.com<br \/>\nTel.: +49 (0) 30 \/ 4036750-17<\/p>\n<p>Die Hinweise k\u00f6nnen in Deutsch und Englisch abgeben werden.<\/p>\n<p>Au\u00dferdem besteht die M\u00f6glichkeit der Abgabe von Meldungen an die Ombudsanw\u00e4ltin \u00fcber unser elektronisches Hinweisgebersystem in \u00fcber 26 Sprachen:<\/p>\n<p>https:\/\/compliance-aid-tqgg.hintbox.de\/<\/p>\n<h2>Wie wird die Anonymit\u00e4t sichergestellt und der Hinweisgeber gesch\u00fctzt?<\/h2>\n<p>Der Schutz und die Vertraulichkeit des Hinweisgebers sind wesentliche Bestandteile unseres Beschwerdeverfahrens und werden von uns sehr ernst genommen. W\u00e4hrend des gesamten Verfahrens werden je nach Einzelfall individuelle Ma\u00dfnahmen erarbeitet und ergriffen, um den Schutz des Hinweisgebers vor Benachteiligung oder Bestrafung aufgrund von abgegebenen Hinweisen zu gew\u00e4hrleisten. Einsch\u00fcchterungsversuche, Drohungen oder Benachteiligungen am Arbeitsplatz gegen\u00fcber Hinweisgebern werden nicht geduldet. Wenn Sie aufgrund eines Hinweises Einsch\u00fcchterungen, Drohungen oder Repressalien erleiden, wenden Sie sich damit bitte an unsere Ombudsanw\u00e4ltin oder die daf\u00fcr zust\u00e4ndigen Stellen bei TQGG.<\/p>\n<p>Als Rechtsanw\u00e4ltin unterliegt die Ombudsanw\u00e4ltin au\u00dferdem der anwaltlichen Verschwiegenheitspflicht. Die Kontaktaufnahme als auch alle Informationen und Hinweise werden absolut vertraulich behandelt. Dies ist durch eine gesonderte Datenschutzvereinbarung mit TQGG als Auftraggeber abgesichert.<\/p>\n<p>Nur mit ausdr\u00fccklicher Zustimmung der Hinweisgeber wird Ihre Identit\u00e4t TQGG offengelegt. Sollte es aufgrund Ihrer Informationen zu Ermittlungen der Strafverfolgungsbeh\u00f6rden kommen, ist Ihre Anonymit\u00e4t durch die anwaltliche Verschwiegenheitspflicht auch gegen\u00fcber diesen Institutionen gew\u00e4hrleistet.<\/p>\n<h2>Was passiert mit einem abgegebenen Hinweis?<\/h2>\n<p>Zusammenfassung:<br \/>\nDie Ombudsanw\u00e4ltin pr\u00fcft die eingehenden Hinweise und unternimmt eine rechtliche Erstbewertung. Dies wird an Svenja Wachtel, General Counsel bei TQGG zur weiteren Pr\u00fcfung des Sachverhaltes weitergeleitet, sofern der Hinweisgeber der Weitergabe zugestimmt hat. Eine absolute vertrauliche Behandlung der Hinweise wird garantiert. Soweit sich die Hinweise konkretisieren lassen, werden weitere Ma\u00dfnahmen eingeleitet. Sollten sich die Hinweise als gegenstandslos herausstellen, wird die Untersuchung beendet. Zudem erfolgt eine L\u00f6schung aller personenbezogenen Daten entsprechend den datenschutzrechtlichen Vorgaben.<\/p>\n<p>Die einzelnen Schritte:<\/p>\n<p><u>Eingang des Hinweises<\/u><br \/>\nDer Eingang des Hinweises wird dokumentiert und der Hinweisgeber erh\u00e4lt sp\u00e4testens nach sieben Tagen eine Empfangsbest\u00e4tigung von der Ombudsanw\u00e4ltin.<\/p>\n<p><u>\u00dcberpr\u00fcfung des Hinweises<\/u><br \/>\nDie Ombudsanw\u00e4ltin ordnet den Hinweis thematisch ein und untersucht ihn auf Plausibilit\u00e4t. Ist der Hinweis plausibel, wird er zur Sachverhaltsaufkl\u00e4rung unter Wahrung der Vertraulichkeit an Svenja Wachtel, General Counsel weitergeleitet.<\/p>\n<p>Sofern dies vom Hinweisgeber erw\u00fcnscht ist, bleibt die Ombudsanw\u00e4ltin w\u00e4hrend des gesamten Verfahrens mit ihm in Kontakt. \u00dcber die Art und Weise der Kontaktgestaltung entscheidet jedoch einzig der Hinweisgeber.<\/p>\n<p>Ist der Hinweis nicht plausibel, wird das Verfahren eingestellt und der Hinweisgeber informiert.<\/p>\n<p><u>Aufkl\u00e4rung des Sachverhalts<\/u><br \/>\nDie General Counsel kl\u00e4rt den Sachverhalt in Abstimmung mit der Ombudsanw\u00e4ltin unter vollem Einsatz ihrer verf\u00fcgbaren Mittel einzelfallbezogen, bedarfsgerecht und zeitgerecht auf. Dabei wird zun\u00e4chst \u00fcberpr\u00fcft, ob ausreichend Informationen f\u00fcr die Aufkl\u00e4rung des Sachverhalts vorhanden sind. Ist dies nicht der Fall, wird der Hinweisgeber von der Ombudsanw\u00e4ltin kontaktiert, um weitere Informationen zu erfragen.<\/p>\n<p>Ist eine Kontaktaufnahme nicht erw\u00fcnscht und k\u00f6nnen auch anderweitig keine ausreichenden Informationen f\u00fcr die Sachverhaltsaufkl\u00e4rung zusammengetragen werden, wird das Verfahren eingestellt. Kann kein Fehlverhalten oder Risiko im Unternehmen oder bei den Gesch\u00e4ftspartnern bzw. Zulieferern festgestellt werden, wird das Verfahren ebenfalls eingestellt. Der Hinweisgeber wird hier\u00fcber entsprechend informiert.<\/p>\n<p><u>Erarbeitung von L\u00f6sungen<\/u><br \/>\nWird ein Fehlverhalten oder Risiko festgestellt, werden auf Grundlage der gesammelten Informationen geeignete Pr\u00e4ventions- und\/oder Abhilfema\u00dfnahmen erarbeitet. Sofern dies m\u00f6glich, sinnvoll und von ihm erw\u00fcnscht ist, wird der Hinweisgeber bei der Erarbeitung der Pr\u00e4ventions- und\/oder Abhilfema\u00dfnahmen einbezogen.<\/p>\n<p>Der Hinweisgeber erh\u00e4lt sp\u00e4testens drei Monate nach der Empfangsbest\u00e4tigung eine R\u00fcckmeldung durch die Ombudsanw\u00e4ltin \u00fcber die geplanten sowie bereits ergriffene Ma\u00dfnahmen sowie der Gr\u00fcnde f\u00fcr diese, soweit dadurch (interne) Untersuchungen und die Rechte der Personen, die Gegenstand eines Hinweises sind, nicht beeintr\u00e4chtigt werden sowie dies im Rahmen des rechtlich Zul\u00e4ssigen m\u00f6glich ist.<\/p>\n<p>Einleitung von Abhilfema\u00dfnahmen und Nachverfolgung sowie Wirksamkeits\u00fcberpr\u00fcfung<\/p>\n<p>Die beschlossenen Pr\u00e4ventions- und\/oder Abhilfema\u00dfnahmen werden eingeleitet und die Umsetzung von der General Counsel bzw. einem daf\u00fcr eingesetzten Komitee nachverfolgt.<br \/>\nAu\u00dferdem \u00fcberpr\u00fcft TQGG die Wirksamkeit des Beschwerdeverfahrens j\u00e4hrlich und anlassbezogen. Hierzu wird insbesondere das Feedback der Hinweisgeber herangezogen. Bei Bedarf nehmen werden Anpassungen vorgenommen.<\/p>\n<h2>Sind negative Konsequenzen zu bef\u00fcrchten, wenn ich eine Meldung erstatte?<\/h2>\n<p>Geben Sie nach bestem Wissen und Gewissen einen Hinweis ab, entstehen Ihnen keine Nachteile im Unternehmen. Setzen Sie jedoch bewusst eine falsche oder b\u00f6sgl\u00e4ubige Meldung ab bzw. haben Sie selbst gegen geltende Verhaltensregeln versto\u00dfen, beh\u00e4lt sich TQGG rechtliche Schritte vor.<\/p>\n<h2>Was, wenn sich der Inhalt der Meldung nachtr\u00e4glich als falsch herausstellt?<\/h2>\n<p>Wichtig ist, dass Sie zum Zeitpunkt der Meldung geglaubt oder angenommen haben, dass der Inhalt wahr ist, und dass Sie die Meldung nicht mit missbr\u00e4uchlicher Absicht gemacht haben. Wenn sich nach der Abkl\u00e4rung des Sachverhalts herausstellt, dass der Hinweis nicht begr\u00fcndet war, haben Sie keine negativen Konsequenzen zu bef\u00fcrchten.<\/p>\n<h2>Was geschieht, wenn Sie selbst in den Missstand verwickelt bin?<\/h2>\n<p>Auch dann werden Sie ermuntert, den fraglichen Sachverhalt zu melden. Bei der Untersuchung des Sachverhalts und der allf\u00e4lligen Sanktionierung wird dies, soweit rechtlich m\u00f6glich, angemessen ber\u00fccksichtigt.<\/p>\n<h2>Entstehen dem Hinweisgeber durch die Inanspruchnahme des Hinweisgebersystems Kosten?<\/h2>\n<p>F\u00fcr den Hinweisgeber entstehen keine Kosten.<\/p>\n<h2>Entsteht durch den Hinweis ein Mandatsverh\u00e4ltnis mit der Ombudsanw\u00e4ltin?<\/h2>\n<p>Nein, es kommt kein Mandatsverh\u00e4ltnis zustande. Die Ombudsanw\u00e4ltin ist und bleibt Beauftragte von TQGG. Jedoch besteht durch das Rechtsverh\u00e4ltnis der Ombudsanw\u00e4ltin mit TQGG als Auftraggeberin eine \u201e(Schutz-)Wirkung\u201c zugunsten des Hinweisgebers. Hierdurch kann die Ombudsanw\u00e4ltin den Hinweisgeber gern in den praktischen Fragen des Einzelfalls informell beraten, jedoch ist es ihr nicht m\u00f6glich, Ihre rechtlichen Interessen als \u201eIhre\u201c Anw\u00e4ltin zu vertreten.[\/et_pb_text][\/et_pb_column][\/et_pb_row][\/et_pb_section]<\/p>\n","protected":false},"excerpt":{"rendered":"<p>Compliance Fragen &amp; Antworten zur Ombudsstelle, zum Beschwerdeverfahren nach dem Lieferkettensorgfaltspflichtengesetz und zum internetbasierten Hinweisgebersystem bei der The Quality Group GmbH und ihren Tochterunternehmen (\u201eTQGG\u201c) Was ist eine Ombudsstelle \/ Beschwerdestelle (\u201eHinweisgebersystem\u201c) ? TQGG hat im Zuge der Bek\u00e4mpfung von Verst\u00f6\u00dfen gegen gesetzliche Vorschriften und\/oder unternehmensinterne Compliance-Regeln sowie von Verst\u00f6\u00dfen gegen menschenrechts- und umweltbezogene Sorgfaltspflichten [&hellip;]<\/p>\n","protected":false},"author":1,"featured_media":0,"parent":0,"menu_order":0,"comment_status":"closed","ping_status":"closed","template":"","meta":{"_et_pb_use_builder":"on","_et_pb_old_content":"","_et_gb_content_width":"","footnotes":""},"dipi_cpt_category":[],"class_list":["post-27398976","page","type-page","status-publish","hentry"],"yoast_head":"<!-- This site is optimized with the Yoast SEO plugin v27.4 - https:\/\/yoast.com\/product\/yoast-seo-wordpress\/ -->\n<title>Compliance - The Quality Group<\/title>\n<meta name=\"robots\" content=\"index, follow, max-snippet:-1, max-image-preview:large, max-video-preview:-1\" \/>\n<link rel=\"canonical\" href=\"https:\/\/www.tqgg.com\/de\/compliance\/\" \/>\n<meta property=\"og:locale\" content=\"de_DE\" \/>\n<meta property=\"og:type\" content=\"article\" \/>\n<meta property=\"og:title\" content=\"Compliance - The Quality Group\" \/>\n<meta property=\"og:description\" content=\"Compliance Fragen &amp; Antworten zur Ombudsstelle, zum Beschwerdeverfahren nach dem Lieferkettensorgfaltspflichtengesetz und zum internetbasierten Hinweisgebersystem bei der The Quality Group GmbH und ihren Tochterunternehmen (\u201eTQGG\u201c) Was ist eine Ombudsstelle \/ Beschwerdestelle (\u201eHinweisgebersystem\u201c) ? TQGG hat im Zuge der Bek\u00e4mpfung von Verst\u00f6\u00dfen gegen gesetzliche Vorschriften und\/oder unternehmensinterne Compliance-Regeln sowie von Verst\u00f6\u00dfen gegen menschenrechts- und umweltbezogene Sorgfaltspflichten [&hellip;]\" \/>\n<meta property=\"og:url\" content=\"https:\/\/www.tqgg.com\/de\/compliance\/\" \/>\n<meta property=\"og:site_name\" content=\"The Quality Group\" \/>\n<meta property=\"article:modified_time\" content=\"2026-04-05T11:45:19+00:00\" \/>\n<meta name=\"twitter:card\" content=\"summary_large_image\" \/>\n<meta name=\"twitter:label1\" content=\"Gesch\u00e4tzte Lesezeit\" \/>\n\t<meta name=\"twitter:data1\" content=\"7\u00a0Minuten\" \/>\n<script type=\"application\/ld+json\" class=\"yoast-schema-graph\">{\"@context\":\"https:\\\/\\\/schema.org\",\"@graph\":[{\"@type\":\"WebPage\",\"@id\":\"https:\\\/\\\/www.tqgg.com\\\/de\\\/compliance\\\/\",\"url\":\"https:\\\/\\\/www.tqgg.com\\\/de\\\/compliance\\\/\",\"name\":\"Compliance - The Quality Group\",\"isPartOf\":{\"@id\":\"https:\\\/\\\/www.tqgg.com\\\/de\\\/#website\"},\"datePublished\":\"2026-04-05T11:30:23+00:00\",\"dateModified\":\"2026-04-05T11:45:19+00:00\",\"breadcrumb\":{\"@id\":\"https:\\\/\\\/www.tqgg.com\\\/de\\\/compliance\\\/#breadcrumb\"},\"inLanguage\":\"de\",\"potentialAction\":[{\"@type\":\"ReadAction\",\"target\":[\"https:\\\/\\\/www.tqgg.com\\\/de\\\/compliance\\\/\"]}]},{\"@type\":\"BreadcrumbList\",\"@id\":\"https:\\\/\\\/www.tqgg.com\\\/de\\\/compliance\\\/#breadcrumb\",\"itemListElement\":[{\"@type\":\"ListItem\",\"position\":1,\"name\":\"Start\",\"item\":\"https:\\\/\\\/www.tqgg.com\\\/de\\\/\"},{\"@type\":\"ListItem\",\"position\":2,\"name\":\"Compliance\"}]},{\"@type\":\"WebSite\",\"@id\":\"https:\\\/\\\/www.tqgg.com\\\/de\\\/#website\",\"url\":\"https:\\\/\\\/www.tqgg.com\\\/de\\\/\",\"name\":\"The Quality Group\",\"description\":\"Willkommen bei The Quality Group GmbH\",\"potentialAction\":[{\"@type\":\"SearchAction\",\"target\":{\"@type\":\"EntryPoint\",\"urlTemplate\":\"https:\\\/\\\/www.tqgg.com\\\/de\\\/?s={search_term_string}\"},\"query-input\":{\"@type\":\"PropertyValueSpecification\",\"valueRequired\":true,\"valueName\":\"search_term_string\"}}],\"inLanguage\":\"de\"}]}<\/script>\n<!-- \/ Yoast SEO plugin. -->","yoast_head_json":{"title":"Compliance - The Quality Group","robots":{"index":"index","follow":"follow","max-snippet":"max-snippet:-1","max-image-preview":"max-image-preview:large","max-video-preview":"max-video-preview:-1"},"canonical":"https:\/\/www.tqgg.com\/de\/compliance\/","og_locale":"de_DE","og_type":"article","og_title":"Compliance - The Quality Group","og_description":"Compliance Fragen &amp; Antworten zur Ombudsstelle, zum Beschwerdeverfahren nach dem Lieferkettensorgfaltspflichtengesetz und zum internetbasierten Hinweisgebersystem bei der The Quality Group GmbH und ihren Tochterunternehmen (\u201eTQGG\u201c) Was ist eine Ombudsstelle \/ Beschwerdestelle (\u201eHinweisgebersystem\u201c) ? TQGG hat im Zuge der Bek\u00e4mpfung von Verst\u00f6\u00dfen gegen gesetzliche Vorschriften und\/oder unternehmensinterne Compliance-Regeln sowie von Verst\u00f6\u00dfen gegen menschenrechts- und umweltbezogene Sorgfaltspflichten [&hellip;]","og_url":"https:\/\/www.tqgg.com\/de\/compliance\/","og_site_name":"The Quality Group","article_modified_time":"2026-04-05T11:45:19+00:00","twitter_card":"summary_large_image","twitter_misc":{"Gesch\u00e4tzte Lesezeit":"7\u00a0Minuten"},"schema":{"@context":"https:\/\/schema.org","@graph":[{"@type":"WebPage","@id":"https:\/\/www.tqgg.com\/de\/compliance\/","url":"https:\/\/www.tqgg.com\/de\/compliance\/","name":"Compliance - The Quality Group","isPartOf":{"@id":"https:\/\/www.tqgg.com\/de\/#website"},"datePublished":"2026-04-05T11:30:23+00:00","dateModified":"2026-04-05T11:45:19+00:00","breadcrumb":{"@id":"https:\/\/www.tqgg.com\/de\/compliance\/#breadcrumb"},"inLanguage":"de","potentialAction":[{"@type":"ReadAction","target":["https:\/\/www.tqgg.com\/de\/compliance\/"]}]},{"@type":"BreadcrumbList","@id":"https:\/\/www.tqgg.com\/de\/compliance\/#breadcrumb","itemListElement":[{"@type":"ListItem","position":1,"name":"Start","item":"https:\/\/www.tqgg.com\/de\/"},{"@type":"ListItem","position":2,"name":"Compliance"}]},{"@type":"WebSite","@id":"https:\/\/www.tqgg.com\/de\/#website","url":"https:\/\/www.tqgg.com\/de\/","name":"The Quality Group","description":"Willkommen bei The Quality Group GmbH","potentialAction":[{"@type":"SearchAction","target":{"@type":"EntryPoint","urlTemplate":"https:\/\/www.tqgg.com\/de\/?s={search_term_string}"},"query-input":{"@type":"PropertyValueSpecification","valueRequired":true,"valueName":"search_term_string"}}],"inLanguage":"de"}]}},"_links":{"self":[{"href":"https:\/\/www.tqgg.com\/de\/wp-json\/wp\/v2\/pages\/27398976","targetHints":{"allow":["GET"]}}],"collection":[{"href":"https:\/\/www.tqgg.com\/de\/wp-json\/wp\/v2\/pages"}],"about":[{"href":"https:\/\/www.tqgg.com\/de\/wp-json\/wp\/v2\/types\/page"}],"author":[{"embeddable":true,"href":"https:\/\/www.tqgg.com\/de\/wp-json\/wp\/v2\/users\/1"}],"replies":[{"embeddable":true,"href":"https:\/\/www.tqgg.com\/de\/wp-json\/wp\/v2\/comments?post=27398976"}],"version-history":[{"count":3,"href":"https:\/\/www.tqgg.com\/de\/wp-json\/wp\/v2\/pages\/27398976\/revisions"}],"predecessor-version":[{"id":27398984,"href":"https:\/\/www.tqgg.com\/de\/wp-json\/wp\/v2\/pages\/27398976\/revisions\/27398984"}],"wp:attachment":[{"href":"https:\/\/www.tqgg.com\/de\/wp-json\/wp\/v2\/media?parent=27398976"}],"wp:term":[{"taxonomy":"dipi_cpt_category","embeddable":true,"href":"https:\/\/www.tqgg.com\/de\/wp-json\/wp\/v2\/dipi_cpt_category?post=27398976"}],"curies":[{"name":"wp","href":"https:\/\/api.w.org\/{rel}","templated":true}]}}