{"id":27398990,"date":"2026-04-05T12:02:32","date_gmt":"2026-04-05T12:02:32","guid":{"rendered":"https:\/\/p-el4lkh.project.space\/?page_id=27398990"},"modified":"2026-04-05T12:02:37","modified_gmt":"2026-04-05T12:02:37","slug":"verhaltenskodex-fuer-lieferanten-und-geschaeftspartner","status":"publish","type":"page","link":"https:\/\/www.tqgg.com\/de\/verhaltenskodex-fuer-lieferanten-und-geschaeftspartner\/","title":{"rendered":"Verhaltenskodex f\u00fcr Lieferanten und Gesch\u00e4ftspartner"},"content":{"rendered":"<p>[et_pb_section fb_built=&#8220;1&#8243; _builder_version=&#8220;4.27.6&#8243; _module_preset=&#8220;default&#8220; locked=&#8220;off&#8220; global_colors_info=&#8220;{}&#8220; theme_builder_area=&#8220;post_content&#8220;][et_pb_row _builder_version=&#8220;4.27.6&#8243; _module_preset=&#8220;default&#8220; max_width=&#8220;80%&#8220; global_colors_info=&#8220;{}&#8220; theme_builder_area=&#8220;post_content&#8220;][et_pb_column type=&#8220;4_4&#8243; _builder_version=&#8220;4.27.6&#8243; _module_preset=&#8220;default&#8220; global_colors_info=&#8220;{}&#8220; theme_builder_area=&#8220;post_content&#8220;][et_pb_text _builder_version=&#8220;4.27.6&#8243; _module_preset=&#8220;default&#8220; text_font=&#8220;&#8211;et_global_body_font|100|||||||&#8220; text_text_color=&#8220;#000000&#8243; text_font_size=&#8220;17px&#8220; text_line_height=&#8220;1.6em&#8220; link_font=&#8220;||on||on||||&#8220; link_text_color=&#8220;#000000&#8243; header_font=&#8220;|600||on|||||&#8220; header_font_size=&#8220;45px&#8220; hover_enabled=&#8220;0&#8243; text_font_size_tablet=&#8220;17px&#8220; text_font_size_phone=&#8220;16px&#8220; text_font_size_last_edited=&#8220;on|desktop&#8220; text_line_height_tablet=&#8220;1.4em&#8220; text_line_height_phone=&#8220;1.4em&#8220; text_line_height_last_edited=&#8220;on|phone&#8220; header_font_size_tablet=&#8220;25px&#8220; header_font_size_phone=&#8220;18px&#8220; header_font_size_last_edited=&#8220;on|phone&#8220; locked=&#8220;off&#8220; global_colors_info=&#8220;{}&#8220; theme_builder_area=&#8220;post_content&#8220; sticky_enabled=&#8220;0&#8243;]<\/p>\n<h1>Verhaltenskodex f\u00fcr Lieferanten und Gesch\u00e4ftspartner<\/h1>\n<p><strong>Umfang der Anwendung:<\/strong><\/p>\n<p>Dieser Code of Conduct f\u00fcr Lieferanten und Partner (&#8222;CoC SaP&#8220;) gilt f\u00fcr Lieferanten und Gesch\u00e4ftspartner der Asterix HoldCo SE (&#8222;Asterix HoldCo&#8220;) und aller mit ihr verbundenen Unternehmen (Asterix HoldCo und alle mit ihr verbundenen Unternehmen zusammen &#8222;TQG Gruppe&#8220;).<\/p>\n<h2>1. Unser Wertekompass<\/h2>\n<h3>1.1<\/h3>\n<p>Wir, die TQG-Gruppe, sind ein junges, wachsendes Unternehmen in einer sich st\u00e4ndig ver\u00e4ndernden Gesellschaft. Unser Ziel ist es, gemeinsam mit unseren Lieferanten und Gesch\u00e4ftspartnern einzigartige, hochwertige Produkte anzubieten, die den h\u00f6chsten ethischen, sozialen und \u00f6kologischen Standards entsprechen.<\/p>\n<h3>1.2<\/h3>\n<p>Die Gesch\u00e4ftsbeziehungen mit unseren Gesch\u00e4ftspartnern beruhen auf gegenseitigem Vertrauen, Integrit\u00e4t und Respekt.<br \/>Dieser CoC SaP legt die Erwartungen fest, die unseren Wertekompass darstellen. Er enth\u00e4lt die Standards, die wir f\u00fcr unsere Lieferanten, Gesch\u00e4ftspartner und deren Lieferkette in Bezug auf Menschenrechte, Umweltschutz, Gesch\u00e4ftsethik und Integrit\u00e4t setzen.<\/p>\n<h3>1.3<\/h3>\n<p>Wir streben eine langfristige Partnerschaft mit unseren Lieferanten und Gesch\u00e4ftspartnern an, die auf ethischen<br \/>Grunds\u00e4tzen beruht. Daher verlangen wir von allen Lieferanten und Gesch\u00e4ftspartnern, die im Namen der TQG Gruppe handeln und\/oder Waren oder Dienstleistungen gegen Bezahlung bereitstellen, die Einhaltung dieses CoC SaP.<\/p>\n<h3>1.4<\/h3>\n<p>Dies gilt f\u00fcr alle Lieferanten und Gesch\u00e4ftspartner der TQG Gruppe und deren Tochtergesellschaften, verbundene Unternehmen, Subunternehmer und Gesch\u00e4ftspartner. Wir erwarten von jedem Mitglied der Lieferkette, dass es diesen<br \/>CoC SaP einh\u00e4lt.<\/p>\n<h2>2. Einhaltung gesetzlicher Vorschriften und Verpflichtungen<\/h2>\n<h3>2.1<\/h3>\n<p>Wir erwarten von unseren Lieferanten und Gesch\u00e4ftspartnern, dass sie alle f\u00fcr sie und ihr Gesch\u00e4ft geltenden Gesetze, Vorschriften und internationalen Vereinbarungen kennen und strikt einhalten. Dies gilt insbesondere f\u00fcr die Bereiche Arbeitsrecht, Umweltschutz, Gesundheit und Lebensmittelsicherheit. Wo lokale Gesetze von den Standards dieses CoC SaP abweichen, erwarten wir die Einhaltung der strengsten Anforderungen.<\/p>\n<h3>2.2<\/h3>\n<p>Wir verlangen von unseren Lieferanten und Gesch\u00e4ftspartnern, dass sie stets die strengsten Anforderungen erf\u00fcllen, unabh\u00e4ngig davon, ob diese in diesem CoC SaP oder in lokalen oder globalen Gesetzen festgelegt sind. Wir setzen auf Qualit\u00e4t und erwarten daher, dass die von uns oder vom Gesetzgeber gestellten Anforderungen als Mindeststandard angesehen werden, aber eine h\u00f6herwertige Leistung angestrebt wird.<\/p>\n<h3>2.3<\/h3>\n<p>Wir erwarten von allen unseren Lieferanten und Gesch\u00e4ftspartnern, dass sie die genannten Anforderungen durch effektive Managementsysteme, Richtlinien, Verfahren und Schulungen an ihre Lieferkette weitergeben.<\/p>\n<h3>2.4<\/h3>\n<p>Lieferanten und Gesch\u00e4ftspartner sind verpflichtet, die TQG Gruppe unverz\u00fcglich \u00fcber alle wesentlichen Probleme im Zusammenhang mit den von ihnen gelieferten Waren und Dienstleistungen zu informieren.<\/p>\n<h3>2.5<\/h3>\n<p>Dar\u00fcber hinaus m\u00fcssen alle vertraglichen Verpflichtungen gegen\u00fcber der TQG-Gruppe vollst\u00e4ndig erf\u00fcllt werden.<\/p>\n<h2>3. Achtung der Menschenrechte und faire Behandlung von Menschen<\/h2>\n<h3>3.1<\/h3>\n<p>Unsere Lieferanten und Gesch\u00e4ftspartner m\u00fcssen die Rechte ihrer Mitarbeiter achten und sicherstellen, dass in der gesamten Lieferkette sichere, faire und gesunde Arbeitsbedingungen herrschen. Jede Form von Menschenhandel, Zwangsarbeit oder Kinderarbeit gem\u00e4\u00df der Definition der Internationalen Arbeitsorganisation (ILO) ist strengstens verboten.<\/p>\n<h3>3.2<\/h3>\n<p>Dar\u00fcber hinaus m\u00fcssen sie f\u00fcr ein integratives und ethisches Arbeitsumfeld sorgen, das frei von Bel\u00e4stigung und Diskriminierung ist und in dem Chancengleichheit f\u00fcr alle Mitarbeiter unabh\u00e4ngig von Geschlecht, ethnischer Zugeh\u00f6rigkeit, Alter, sexueller Orientierung, Religion oder Behinderung gew\u00e4hrleistet ist.<\/p>\n<h3>3.3<\/h3>\n<p>Wir erwarten von unseren Lieferanten und Gesch\u00e4ftspartnern, dass sie das Recht der Mitarbeiter auf Vereinigungsfreiheit respektieren, Bedenken ohne Repressalien \u00e4u\u00dfern und die gesetzlichen Standards f\u00fcr Entlohnung und Arbeitsbedingungen einhalten oder \u00fcbertreffen. Auch das Recht der Mitarbeiter auf Vereinigungsfreiheit und Tarifverhandlungen muss in der gesamten Lieferkette respektiert werden.<\/p>\n<h2>4. Nachhaltigkeit und Umweltschutz<\/h2>\n<h3>4.1<\/h3>\n<p>Unsere Lieferanten und Gesch\u00e4ftspartner und deren Subunternehmer m\u00fcssen proaktive Ma\u00dfnahmen ergreifen, um ihre Umweltauswirkungen zu minimieren und eine nachhaltige Lieferkette zu gew\u00e4hrleisten. Dazu geh\u00f6ren die Reduzierung von CO2-Emissionen, die Vermeidung von Abfall und die effiziente Nutzung von Ressourcen. Wir erwarten von unseren Lieferanten und Gesch\u00e4ftspartnern, dass sie Praktiken anwenden, die zur Erhaltung der Umwelt beitragen und ihre Umweltauswirkungen kontinuierlich verbessern.<\/p>\n<h3>4.2<\/h3>\n<p>Au\u00dferdem verlangen wir die Umsetzung nachhaltiger Produktionsprozesse, die mit den Industriestandards und unserer Umweltverpflichtung im Einklang stehen. Dazu geh\u00f6rt die regelm\u00e4\u00dfige Bewertung von Produktionsmethoden, Ressourcenverbrauch und Abfallmanagement. Die Lieferanten und Gesch\u00e4ftspartner sollten umweltfreundliche Innovationen bevorzugen und nach M\u00f6glichkeit saubere Technologien einsetzen.<\/p>\n<h3>4.3<\/h3>\n<p>Eine kontinuierliche Verbesserung des Umweltmanagements ist unerl\u00e4sslich. Wir ermutigen Lieferanten und Gesch\u00e4ftspartner, sich klare Nachhaltigkeitsziele zu setzen, den Fortschritt zu verfolgen und Rechenschaft abzulegen. Gemeinsam k\u00f6nnen wir unseren kollektiven Fu\u00dfabdruck verringern und eine nachhaltigere Zukunft f\u00f6rdern.<\/p>\n<h2>5. Qualit\u00e4t und Produktsicherheit<\/h2>\n<h3>5.1<\/h3>\n<p>Wir setzen h\u00f6chste Qualit\u00e4ts- und Sicherheitsstandards f\u00fcr unsere Produkte und verlangen von unseren Lieferanten, Gesch\u00e4ftspartnern und Sublieferanten die strikte Einhaltung aller gesetzlichen Vorschriften und der Vorgaben der<br \/>TQG Gruppe. Dazu geh\u00f6rt insbesondere die Durchf\u00fchrung regelm\u00e4\u00dfiger Qualit\u00e4tskontrollen, Inspektionen und Audits, um sicherzustellen, dass die vereinbarten Standards konsequent eingehalten werden.<\/p>\n<h3>5.2<\/h3>\n<p>Dar\u00fcber hinaus ist eine sofortige Information der TQG Gruppe \u00fcber m\u00f6gliche Sicherheits- oder Qualit\u00e4tsprobleme erforderlich, um die Produktsicherheit zu gew\u00e4hrleisten. Eine prompte und transparente Kommunikation sowie schnelles<br \/>und l\u00f6sungsorientiertes Handeln sind entscheidend, um alle Bedenken auszur\u00e4umen, die die Integrit\u00e4t unserer Produkte beeintr\u00e4chtigen k\u00f6nnten.<\/p>\n<h3>5.3<\/h3>\n<p>Wir erwarten auch von unseren Lieferanten und Gesch\u00e4ftspartnern, dass sie die h\u00f6chsten Standards bei der Herstellung, Lagerung, Verpackung und dem Transport von Lebensmitteln einhalten, um unsere Produkte und die Verbraucher zu sch\u00fctzen. Die Lieferanten und Gesch\u00e4ftspartner m\u00fcssen die vereinbarten Spezifikationen erf\u00fcllen oder \u00fcbertreffen, um die unseren Kunden versprochene Qualit\u00e4t zu gew\u00e4hrleisten. Jegliche Bedenken in Bezug auf die Produktsicherheit oder -qualit\u00e4t m\u00fcssen genau, vollst\u00e4ndig und unverz\u00fcglich gemeldet werden, in voller \u00dcbereinstimmung mit unseren Anforderungen.<\/p>\n<h2>6. Rechnungslegung und finanzielle Transparenz<\/h2>\n<h3>6.1<\/h3>\n<p>Die F\u00fchrung einer ordnungsgem\u00e4\u00dfen, transparenten und genauen Buchhaltung sowie eine klare und nachvollziehbare Dokumentation aller Transaktionen ist eine zentrale Verpflichtung unserer Lieferanten und Gesch\u00e4ftspartner. Wir verlangen, dass alle finanziellen Aufzeichnungen und B\u00fccher die Transaktionen in einer genauen, ehrlichen, vollst\u00e4ndigen und zeitgerechten Weise wiedergeben und sicherstellen, dass kein Detail ausgelassen oder verschleiert wird. Betrug, Bestechung oder jegliche Form von unlauteren Gesch\u00e4ftspraktiken werden unter keinen Umst\u00e4nden geduldet.<\/p>\n<h3>6.2<\/h3>\n<p>Von Lieferanten und Gesch\u00e4ftspartnern wird erwartet, dass sie geeignete Audit- und Compliance-Prozesse anwenden, um die h\u00f6chsten Standards in Bereichen wie Produkt- und Lebensmittelsicherheit, Gesundheit und Sicherheit der Mitarbeiter, Finanzberichterstattung und Arbeitspraktiken zu gew\u00e4hrleisten. Diese Prozesse m\u00fcssen robust sein und regelm\u00e4\u00dfig evaluiert werden, um die Einhaltung der gesetzlichen Vorschriften und unserer Unternehmensstandards zu gew\u00e4hrleisten.<\/p>\n<h3>6.3<\/h3>\n<p>Jede Form von Betrug, Bestechung, Missbrauch von Verm\u00f6genswerten oder unlauteren Gesch\u00e4ftspraktiken sowie der blo\u00dfe Versuch werden nicht geduldet. Zur F\u00f6rderung der Transparenz verlangen wir die Offenlegung der Standorte von Einrichtungen und der bekannten Herkunft von Materialien auf Anfrage, um eine vollst\u00e4ndige R\u00fcckverfolgbarkeit in der gesamten Lieferkette zu erm\u00f6glichen. Dieses Ma\u00df an Transparenz ist entscheidend f\u00fcr die Aufrechterhaltung von Vertrauen und Verantwortlichkeit in allen Gesch\u00e4ftsbereichen.<\/p>\n<h2>7. Verantwortungsvolle Marktpr\u00e4senz<\/h2>\n<p>Wir bestehen darauf, dass unsere Lieferanten und Gesch\u00e4ftspartner keine irref\u00fchrenden Marketingstrategien anwenden und transparente, faktenbasierte Informationen \u00fcber ihre Produkte bereitstellen. Dar\u00fcber hinaus m\u00fcssen alle unsere<br \/>Lieferanten und Gesch\u00e4ftspartner klare Leitplanken aufstellen, um sicherzustellen, dass alle Behauptungen \u00fcber ihre Produkte durch verl\u00e4ssliche Beweise untermauert werden, um Ehrlichkeit und Integrit\u00e4t bei allen Marketingbem\u00fchungen<br \/>zu f\u00f6rdern. Diese Verpflichtung zur Transparenz sch\u00fctzt nicht nur die Verbraucher, sondern st\u00e4rkt auch das Vertrauen und die Glaubw\u00fcrdigkeit unserer Marken.<\/p>\n<h2>8. Korruptionspr\u00e4vention und ethisches Verhalten<\/h2>\n<h3>8.1<\/h3>\n<p>Jegliche Form von Korruption, Bestechung, Geldw\u00e4sche oder unethischem Verhalten durch unsere Lieferanten, Gesch\u00e4ftspartner und deren Subunternehmer ist strengstens untersagt. Transparente und faire Gesch\u00e4ftsbeziehungen, die auf Vertrauen und Integrit\u00e4t beruhen, sind f\u00fcr uns von gr\u00f6\u00dfter Bedeutung.<\/p>\n<h3>8.2<\/h3>\n<p>Alle Lieferanten und Gesch\u00e4ftspartner m\u00fcssen sicherstellen, dass ihre T\u00e4tigkeiten und Praktiken den h\u00f6chsten ethischen Standards entsprechen und ein Umfeld f\u00f6rdern, in dem Integrit\u00e4t an erster Stelle steht. Zu keiner Zeit d\u00fcrfen Mitgliedern oder Mitarbeitern der TQG Gruppe oder Amtstr\u00e4gern Geschenke oder Zahlungen mit dem Ziel angeboten werden, Gesch\u00e4ftsentscheidungen zu beeinflussen.<\/p>\n<h3>8.3<\/h3>\n<p>Dar\u00fcber hinaus ist es f\u00fcr alle unsere Lieferanten und Gesch\u00e4ftspartner unerl\u00e4sslich, alle Antikorruptionsgesetze und -vorschriften einzuhalten, die f\u00fcr ihre T\u00e4tigkeit in den L\u00e4ndern gelten, in denen sie gesch\u00e4ftlich t\u00e4tig sind.<br \/>Die Einhaltung dieser Gesetze sch\u00fctzt nicht nur unseren gemeinsamen Ruf, sondern st\u00e4rkt auch die Grundlage unserer Gesch\u00e4ftsbeziehungen. Wir sind davon \u00fcberzeugt, dass wir durch die F\u00f6rderung ethischen Verhaltens und der Einhaltung von Gesetzen eine Kultur der Verantwortlichkeit und des Respekts schaffen k\u00f6nnen, von der alle Beteiligten profitieren.<\/p>\n<h2>9. Fairer Wettbewerb und Integrit\u00e4t<\/h2>\n<h3>9.1<\/h3>\n<p>Wir bestehen darauf, dass unsere Lieferanten, Gesch\u00e4ftspartner und Unterauftragnehmer im freien Wettbewerb fair handeln. Es ist unerl\u00e4sslich, dass sich ihre Lieferkette durch Leistung und Innovation auszeichnet und nicht durch<br \/>ungesetzliche Vereinbarungen oder unlautere Mittel. Unsere Lieferanten und Gesch\u00e4ftspartner d\u00fcrfen niemals unzul\u00e4ssige Anreize im Zusammenhang mit dem Gesch\u00e4ft der TQG Gruppe anbieten oder annehmen. Gesch\u00e4ftspraktiken, die den Wettbewerb in unzul\u00e4ssiger Weise einschr\u00e4nken, wie z. B. unzul\u00e4ssiger Informationsaustausch, Spionage und Preisabsprachen, sind streng verboten.<\/p>\n<h3>9.2<\/h3>\n<p>Dar\u00fcber hinaus legen wir gro\u00dfen Wert auf die Vermeidung von Interessenkonflikten mit Mitarbeitern der TQG Gruppe.<br \/>Alle Gesch\u00e4ftsentscheidungen m\u00fcssen auf der Grundlage von Integrit\u00e4t und Transparenz getroffen werden, um sicherzustellen, dass keine finanziellen Interessen oder andere Vereinbarungen unangemessene Beziehungen zu unseren<br \/>Mitarbeitern schaffen. Indem wir klare Grenzen und ethische Standards einhalten, k\u00f6nnen wir ein Umfeld des Vertrauens und der Verantwortlichkeit f\u00f6rdern, das allen Beteiligten zugute kommt.<\/p>\n<h2>10. Schutz von vertraulichen Informationen<\/h2>\n<h3>10.1<\/h3>\n<p>Unsere Lieferanten und Gesch\u00e4ftspartner sind verpflichtet, die vertraulichen Informationen der TQG Gruppe, einschlie\u00dflich Gesch\u00e4ftsdaten, geistiges Eigentum und personenbezogene Daten, zu sch\u00fctzen und vor unbefugter Offenlegung zu bewahren sowie den Schutz dieser vertraulichen Informationen in ihrer gesamten Lieferkette zu gew\u00e4hrleisten.<\/p>\n<h3>10.2<\/h3>\n<p>Die eingesetzten Systeme und Praktiken m\u00fcssen gew\u00e4hrleisten, dass vertrauliche Daten sicher und stets vor Missbrauch gesch\u00fctzt sind. Dazu geh\u00f6rt auch der Schutz aller vertraulichen Informationen \u00fcber die TQG Gruppe, ihre Lieferanten, Mitarbeiter und Verbraucher. Alle Lieferanten und Gesch\u00e4ftspartner m\u00fcssen sorgf\u00e4ltige Ma\u00dfnahmen ergreifen, um geistiges Eigentum, Gesch\u00e4ftsgeheimnisse, Patente und finanzielle Informationen zu sch\u00fctzen, solange sie unter ihrer Kontrolle sind. Dar\u00fcber hinaus ist es von entscheidender Bedeutung, Situationen zu vermeiden, die sich negativ auf unsere Gesch\u00e4ftsinteressen oder unseren Ruf auswirken k\u00f6nnten.<\/p>\n<h3>10.3<\/h3>\n<p>Dar\u00fcber hinaus ist die Einhaltung der Gesetze zum Insiderhandel unerl\u00e4sslich. Lieferanten und Gesch\u00e4ftspartner m\u00fcssen proaktive Ma\u00dfnahmen ergreifen, um ihre Mitarbeiter daran zu hindern, mit Wertpapieren der TQG Gruppe zu<br \/>handeln, w\u00e4hrend sie im Besitz wesentlicher nicht\u00f6ffentlicher Informationen sind. Dazu geh\u00f6rt auch die Durchf\u00fchrung von Schulungs- und Sensibilisierungsprogrammen, um sicherzustellen, dass alle Mitarbeiter ihre Verantwortung in Bezug auf die Vertraulichkeit und die rechtlichen Folgen des Insiderhandels verstehen. Indem wir diesen Praktiken Vorrang einr\u00e4umen, k\u00f6nnen wir die Integrit\u00e4t der sensiblen Informationen der TQG Gruppe bewahren und das Vertrauen, das unsere Stakeholder in uns setzen, aufrechterhalten.<\/p>\n<h2>11. Bekanntmachung von Verst\u00f6\u00dfen<\/h2>\n<h3>11.1<\/h3>\n<p>Jeder, der den Verdacht hat, dass ein Lieferant oder Gesch\u00e4ftspartner der TQG Gruppe einen Versto\u00df gegen die vorgenannten Regelungen begeht oder begangen hat, hat die M\u00f6glichkeit, sich an die externe Ombudsperson der TQG Gruppe zu wenden. Die Ombudsperson wird jede Meldung objektiv und auf Wunsch anonym pr\u00fcfen und geeignete Ma\u00dfnahmen ergreifen, um den Vorfall aufzukl\u00e4ren, den Versto\u00df zu beseitigen und\/oder weitere Vorf\u00e4lle zu verhindern.<\/p>\n<h3>11.2<\/h3>\n<p>Die Ombudsperson der TQG-Gruppe kann auf folgende Weise kontaktiert werden:<\/p>\n<p>Rechtsanw\u00e4ltin Dr. Kathrin J. Niewiarra, Ombudsfrau<br \/>Philippistra\u00dfe 11<br \/>D-14059 Berlin<br \/>Telefon: +49 (0) 30 \/ 4036750-17<br \/><a href=\"mailto:TQGG@compliance-aid.com\">TQGG@compliance-aid.com<\/a><br \/><a href=\"https:\/\/compliance-aid-tqgg.hintbox.de\" target=\"_blank\" rel=\"noopener noreferrer\">compliance-aid-tqgg.hintbox.de<\/a> &#8211; Hintbox<\/p>\n<p><strong>Unterzeichnet:<\/strong><br \/>Vorstand der Asterix HoldCo SE<\/p>\n<p>[\/et_pb_text][\/et_pb_column][\/et_pb_row][\/et_pb_section]<\/p>\n","protected":false},"excerpt":{"rendered":"<p>Verhaltenskodex f\u00fcr Lieferanten und Gesch\u00e4ftspartner Umfang der Anwendung: Dieser Code of Conduct f\u00fcr Lieferanten und Partner (&#8222;CoC SaP&#8220;) gilt f\u00fcr Lieferanten und Gesch\u00e4ftspartner der Asterix HoldCo SE (&#8222;Asterix HoldCo&#8220;) und aller mit ihr verbundenen Unternehmen (Asterix HoldCo und alle mit ihr verbundenen Unternehmen zusammen &#8222;TQG Gruppe&#8220;). 1. Unser Wertekompass 1.1 Wir, die TQG-Gruppe, sind ein [&hellip;]<\/p>\n","protected":false},"author":1,"featured_media":0,"parent":0,"menu_order":0,"comment_status":"closed","ping_status":"closed","template":"","meta":{"_et_pb_use_builder":"on","_et_pb_old_content":"","_et_gb_content_width":"","footnotes":""},"dipi_cpt_category":[],"class_list":["post-27398990","page","type-page","status-publish","hentry"],"yoast_head":"<!-- This site is optimized with the Yoast SEO plugin v27.4 - https:\/\/yoast.com\/product\/yoast-seo-wordpress\/ -->\n<title>Verhaltenskodex f\u00fcr Lieferanten und Gesch\u00e4ftspartner - The Quality Group<\/title>\n<meta name=\"robots\" content=\"index, follow, max-snippet:-1, max-image-preview:large, max-video-preview:-1\" \/>\n<link rel=\"canonical\" href=\"https:\/\/www.tqgg.com\/de\/verhaltenskodex-fuer-lieferanten-und-geschaeftspartner\/\" \/>\n<meta property=\"og:locale\" content=\"de_DE\" \/>\n<meta property=\"og:type\" content=\"article\" \/>\n<meta property=\"og:title\" content=\"Verhaltenskodex f\u00fcr Lieferanten und Gesch\u00e4ftspartner - The Quality Group\" \/>\n<meta property=\"og:description\" content=\"Verhaltenskodex f\u00fcr Lieferanten und Gesch\u00e4ftspartner Umfang der Anwendung: Dieser Code of Conduct f\u00fcr Lieferanten und Partner (&quot;CoC SaP&quot;) gilt f\u00fcr Lieferanten und Gesch\u00e4ftspartner der Asterix HoldCo SE (&quot;Asterix HoldCo&quot;) und aller mit ihr verbundenen Unternehmen (Asterix HoldCo und alle mit ihr verbundenen Unternehmen zusammen &quot;TQG Gruppe&quot;). 1. Unser Wertekompass 1.1 Wir, die TQG-Gruppe, sind ein [&hellip;]\" \/>\n<meta property=\"og:url\" content=\"https:\/\/www.tqgg.com\/de\/verhaltenskodex-fuer-lieferanten-und-geschaeftspartner\/\" \/>\n<meta property=\"og:site_name\" content=\"The Quality Group\" \/>\n<meta property=\"article:modified_time\" content=\"2026-04-05T12:02:37+00:00\" \/>\n<meta name=\"twitter:card\" content=\"summary_large_image\" \/>\n<meta name=\"twitter:label1\" content=\"Gesch\u00e4tzte Lesezeit\" \/>\n\t<meta name=\"twitter:data1\" content=\"10\u00a0Minuten\" \/>\n<script type=\"application\/ld+json\" class=\"yoast-schema-graph\">{\"@context\":\"https:\\\/\\\/schema.org\",\"@graph\":[{\"@type\":\"WebPage\",\"@id\":\"https:\\\/\\\/www.tqgg.com\\\/de\\\/verhaltenskodex-fuer-lieferanten-und-geschaeftspartner\\\/\",\"url\":\"https:\\\/\\\/www.tqgg.com\\\/de\\\/verhaltenskodex-fuer-lieferanten-und-geschaeftspartner\\\/\",\"name\":\"Verhaltenskodex f\u00fcr Lieferanten und Gesch\u00e4ftspartner - The Quality Group\",\"isPartOf\":{\"@id\":\"https:\\\/\\\/www.tqgg.com\\\/de\\\/#website\"},\"datePublished\":\"2026-04-05T12:02:32+00:00\",\"dateModified\":\"2026-04-05T12:02:37+00:00\",\"breadcrumb\":{\"@id\":\"https:\\\/\\\/www.tqgg.com\\\/de\\\/verhaltenskodex-fuer-lieferanten-und-geschaeftspartner\\\/#breadcrumb\"},\"inLanguage\":\"de\",\"potentialAction\":[{\"@type\":\"ReadAction\",\"target\":[\"https:\\\/\\\/www.tqgg.com\\\/de\\\/verhaltenskodex-fuer-lieferanten-und-geschaeftspartner\\\/\"]}]},{\"@type\":\"BreadcrumbList\",\"@id\":\"https:\\\/\\\/www.tqgg.com\\\/de\\\/verhaltenskodex-fuer-lieferanten-und-geschaeftspartner\\\/#breadcrumb\",\"itemListElement\":[{\"@type\":\"ListItem\",\"position\":1,\"name\":\"Start\",\"item\":\"https:\\\/\\\/www.tqgg.com\\\/de\\\/\"},{\"@type\":\"ListItem\",\"position\":2,\"name\":\"Verhaltenskodex f\u00fcr Lieferanten und Gesch\u00e4ftspartner\"}]},{\"@type\":\"WebSite\",\"@id\":\"https:\\\/\\\/www.tqgg.com\\\/de\\\/#website\",\"url\":\"https:\\\/\\\/www.tqgg.com\\\/de\\\/\",\"name\":\"The Quality Group\",\"description\":\"Willkommen bei The Quality Group GmbH\",\"potentialAction\":[{\"@type\":\"SearchAction\",\"target\":{\"@type\":\"EntryPoint\",\"urlTemplate\":\"https:\\\/\\\/www.tqgg.com\\\/de\\\/?s={search_term_string}\"},\"query-input\":{\"@type\":\"PropertyValueSpecification\",\"valueRequired\":true,\"valueName\":\"search_term_string\"}}],\"inLanguage\":\"de\"}]}<\/script>\n<!-- \/ Yoast SEO plugin. -->","yoast_head_json":{"title":"Verhaltenskodex f\u00fcr Lieferanten und Gesch\u00e4ftspartner - The Quality Group","robots":{"index":"index","follow":"follow","max-snippet":"max-snippet:-1","max-image-preview":"max-image-preview:large","max-video-preview":"max-video-preview:-1"},"canonical":"https:\/\/www.tqgg.com\/de\/verhaltenskodex-fuer-lieferanten-und-geschaeftspartner\/","og_locale":"de_DE","og_type":"article","og_title":"Verhaltenskodex f\u00fcr Lieferanten und Gesch\u00e4ftspartner - The Quality Group","og_description":"Verhaltenskodex f\u00fcr Lieferanten und Gesch\u00e4ftspartner Umfang der Anwendung: Dieser Code of Conduct f\u00fcr Lieferanten und Partner (\"CoC SaP\") gilt f\u00fcr Lieferanten und Gesch\u00e4ftspartner der Asterix HoldCo SE (\"Asterix HoldCo\") und aller mit ihr verbundenen Unternehmen (Asterix HoldCo und alle mit ihr verbundenen Unternehmen zusammen \"TQG Gruppe\"). 1. Unser Wertekompass 1.1 Wir, die TQG-Gruppe, sind ein [&hellip;]","og_url":"https:\/\/www.tqgg.com\/de\/verhaltenskodex-fuer-lieferanten-und-geschaeftspartner\/","og_site_name":"The Quality Group","article_modified_time":"2026-04-05T12:02:37+00:00","twitter_card":"summary_large_image","twitter_misc":{"Gesch\u00e4tzte Lesezeit":"10\u00a0Minuten"},"schema":{"@context":"https:\/\/schema.org","@graph":[{"@type":"WebPage","@id":"https:\/\/www.tqgg.com\/de\/verhaltenskodex-fuer-lieferanten-und-geschaeftspartner\/","url":"https:\/\/www.tqgg.com\/de\/verhaltenskodex-fuer-lieferanten-und-geschaeftspartner\/","name":"Verhaltenskodex f\u00fcr Lieferanten und Gesch\u00e4ftspartner - The Quality Group","isPartOf":{"@id":"https:\/\/www.tqgg.com\/de\/#website"},"datePublished":"2026-04-05T12:02:32+00:00","dateModified":"2026-04-05T12:02:37+00:00","breadcrumb":{"@id":"https:\/\/www.tqgg.com\/de\/verhaltenskodex-fuer-lieferanten-und-geschaeftspartner\/#breadcrumb"},"inLanguage":"de","potentialAction":[{"@type":"ReadAction","target":["https:\/\/www.tqgg.com\/de\/verhaltenskodex-fuer-lieferanten-und-geschaeftspartner\/"]}]},{"@type":"BreadcrumbList","@id":"https:\/\/www.tqgg.com\/de\/verhaltenskodex-fuer-lieferanten-und-geschaeftspartner\/#breadcrumb","itemListElement":[{"@type":"ListItem","position":1,"name":"Start","item":"https:\/\/www.tqgg.com\/de\/"},{"@type":"ListItem","position":2,"name":"Verhaltenskodex f\u00fcr Lieferanten und Gesch\u00e4ftspartner"}]},{"@type":"WebSite","@id":"https:\/\/www.tqgg.com\/de\/#website","url":"https:\/\/www.tqgg.com\/de\/","name":"The Quality Group","description":"Willkommen bei The Quality Group GmbH","potentialAction":[{"@type":"SearchAction","target":{"@type":"EntryPoint","urlTemplate":"https:\/\/www.tqgg.com\/de\/?s={search_term_string}"},"query-input":{"@type":"PropertyValueSpecification","valueRequired":true,"valueName":"search_term_string"}}],"inLanguage":"de"}]}},"_links":{"self":[{"href":"https:\/\/www.tqgg.com\/de\/wp-json\/wp\/v2\/pages\/27398990","targetHints":{"allow":["GET"]}}],"collection":[{"href":"https:\/\/www.tqgg.com\/de\/wp-json\/wp\/v2\/pages"}],"about":[{"href":"https:\/\/www.tqgg.com\/de\/wp-json\/wp\/v2\/types\/page"}],"author":[{"embeddable":true,"href":"https:\/\/www.tqgg.com\/de\/wp-json\/wp\/v2\/users\/1"}],"replies":[{"embeddable":true,"href":"https:\/\/www.tqgg.com\/de\/wp-json\/wp\/v2\/comments?post=27398990"}],"version-history":[{"count":4,"href":"https:\/\/www.tqgg.com\/de\/wp-json\/wp\/v2\/pages\/27398990\/revisions"}],"predecessor-version":[{"id":27398996,"href":"https:\/\/www.tqgg.com\/de\/wp-json\/wp\/v2\/pages\/27398990\/revisions\/27398996"}],"wp:attachment":[{"href":"https:\/\/www.tqgg.com\/de\/wp-json\/wp\/v2\/media?parent=27398990"}],"wp:term":[{"taxonomy":"dipi_cpt_category","embeddable":true,"href":"https:\/\/www.tqgg.com\/de\/wp-json\/wp\/v2\/dipi_cpt_category?post=27398990"}],"curies":[{"name":"wp","href":"https:\/\/api.w.org\/{rel}","templated":true}]}}