{"id":27399144,"date":"2026-04-13T09:08:47","date_gmt":"2026-04-13T09:08:47","guid":{"rendered":"https:\/\/p-el4lkh.project.space\/?page_id=27399144"},"modified":"2026-04-13T09:08:50","modified_gmt":"2026-04-13T09:08:50","slug":"grundsatzerklaerung","status":"publish","type":"page","link":"https:\/\/www.tqgg.com\/de\/grundsatzerklaerung\/","title":{"rendered":"Grundsatzerkl\u00e4rung"},"content":{"rendered":"<p>[et_pb_section fb_built=&#8220;1&#8243; _builder_version=&#8220;4.27.6&#8243; _module_preset=&#8220;default&#8220; locked=&#8220;off&#8220; global_colors_info=&#8220;{}&#8220; theme_builder_area=&#8220;post_content&#8220;][et_pb_row _builder_version=&#8220;4.27.6&#8243; _module_preset=&#8220;default&#8220; max_width=&#8220;80%&#8220; global_colors_info=&#8220;{}&#8220; theme_builder_area=&#8220;post_content&#8220;][et_pb_column type=&#8220;4_4&#8243; _builder_version=&#8220;4.27.6&#8243; _module_preset=&#8220;default&#8220; global_colors_info=&#8220;{}&#8220; theme_builder_area=&#8220;post_content&#8220;][et_pb_text _builder_version=&#8220;4.27.6&#8243; _module_preset=&#8220;default&#8220; text_font=&#8220;&#8211;et_global_body_font|100|||||||&#8220; text_text_color=&#8220;#000000&#8243; text_font_size=&#8220;17px&#8220; text_line_height=&#8220;1.6em&#8220; header_font=&#8220;|600||on|||||&#8220; header_font_size=&#8220;45px&#8220; hover_enabled=&#8220;0&#8243; text_font_size_tablet=&#8220;17px&#8220; text_font_size_phone=&#8220;16px&#8220; text_font_size_last_edited=&#8220;on|desktop&#8220; text_line_height_tablet=&#8220;1.4em&#8220; text_line_height_phone=&#8220;1.4em&#8220; text_line_height_last_edited=&#8220;on|phone&#8220; header_font_size_tablet=&#8220;25px&#8220; header_font_size_phone=&#8220;18px&#8220; header_font_size_last_edited=&#8220;on|phone&#8220; locked=&#8220;off&#8220; global_colors_info=&#8220;{}&#8220; theme_builder_area=&#8220;post_content&#8220; sticky_enabled=&#8220;0&#8243;]<\/p>\n<h1>Grundsatzerkl\u00e4rung \u2013 Lieferkettensorgfaltspflichten*<\/h1>\n<p>(Stand: Januar 2025)<\/p>\n<h2 id=\"pr\u00e4ambel\" class=\"mt-8 text-2xl font-medium md:text-3xl\">Pr\u00e4ambel<\/h2>\n<p>Als international t\u00e4tiges Unternehmen sind wir uns unserer Verantwortung bewusst, Menschenrechte sowie Umweltstandards entlang unserer gesamten Lieferkette zu achten und zu sch\u00fctzen. Unsere Gesch\u00e4ftst\u00e4tigkeiten sollen zu einem nachhaltigen und gerechten globalen Wirtschaften beitragen, wobei wir uns klar zu den Grundwerten des Respekts vor der Menschenw\u00fcrde, fairen Arbeitsbedingungen, dem Schutz der Umwelt sowie zur Bek\u00e4mpfung von Korruption bekennen.<\/p>\n<p>Die Einhaltung der gesetzlichen Vorgaben des Lieferkettensorgfaltspflichtengesetzes (&#8222;<b class=\"font-medium\">LkSG&#8220;<\/b>) ist f\u00fcr uns nicht nur eine rechtliche Verpflichtung, sondern auch ein Ausdruck unseres Unternehmensethos. In dieser Grundsatzerkl\u00e4rung definieren wir die Ma\u00dfnahmen und Grunds\u00e4tze, die wir umsetzen, um unserer unternehmerischen Sorgfaltspflicht nachzukommen. Unser Ziel ist es, menschenrechtliche und umweltbezogene Risiken in unserer Lieferkette fr\u00fchzeitig zu erkennen, diesen entgegenzuwirken und kontinuierlich unsere Prozesse zu verbessern, um einen positiven Beitrag zu einer nachhaltigen und gerechten Wertsch\u00f6pfungskette zu leisten.<\/p>\n<p>Wir erwarten von unseren Gesch\u00e4ftspartnern, dass sie diese Prinzipien ebenfalls achten und mit uns in enger Zusammenarbeit an der Einhaltung von menschenrechtlichen und umweltbezogenen Standards arbeiten. Diese Verpflichtung umfasst alle Stufen der Lieferkette und unterstreicht unser Bestreben, durch verantwortungsbewusstes Handeln langfristig einen Mehrwert f\u00fcr alle Beteiligten zu schaffen.<\/p>\n<p>Diese Grundsatzerkl\u00e4rung gilt f\u00fcr die Asterix HoldCo SE (&#8222;<b class=\"font-medium\">Asterix HoldCo<\/b>&#8222;) und alle mit ihr verbundenen Unternehmen (Asterix HoldCo und alle mit ihr verbundenen Unternehmen zusammen &#8222;<b class=\"font-medium\">TQG-Gruppe<\/b>&#8222;).<\/p>\n<h2 id=\"wof\u00fcr_stehen_wir\" class=\"mt-8 text-2xl font-medium md:text-3xl\">Wof\u00fcr stehen wir<\/h2>\n<p>Wir sind uns unserer gesellschaftlichen und \u00f6kologischen Verantwortung bewusst und es ist uns als Unternehmensgruppe wichtig, diese Haltungen im Gesch\u00e4ftsmodell von der\u00a0<b class=\"font-medium\">TQG-Gruppe<\/b>\u00a0zu integrieren. Diese Erkl\u00e4rung umfasst alle Aktivit\u00e4ten der\u00a0<b class=\"font-medium\">TQG-Gruppe<\/b>.<\/p>\n<h2 id=\"achtung_von_menschenrechten_und_umweltbelangen\" class=\"mt-8 text-2xl font-medium md:text-3xl\">Achtung von Menschenrechten und Umweltbelangen<\/h2>\n<p>Wir bekennen uns zu unserer Verantwortung, die Auswirkungen unseres Handelns f\u00fcr die Umwelt so vertr\u00e4glich wie m\u00f6glich zu gestalten, Ressourcen zu schonen und Umweltbelastungen zu reduzieren. Was wir selbst in der Hand haben, gehen wir ambitioniert an, weltweit, an allen Standorten. Das Gleiche erwarten wir von unseren Partnern. Unser Handeln orientiert sich an international anerkannten Rahmenbedingungen und Standards, die wir vorbehaltlos unterst\u00fctzen:<\/p>\n<ul class=\"list-disc pl-4\">\n<li>\n<p>Leitprinzipien der Vereinten Nationen zu Wirtschaft und Menschenrechten<\/p>\n<\/li>\n<li>\n<p>Kernarbeitsnormen der Internationalen Arbeitsorganisation (ILO) und ihre Grundprinzipien die vier Bereiche Vereinigungsfreiheit, Verbot der Diskriminierung in Besch\u00e4ftigung und Beruf, Abschaffung der Kinderarbeit und Beseitigung der Zwangsarbeit<\/p>\n<\/li>\n<li>\n<p>OECD-Leits\u00e4tze f\u00fcr multinationale Unternehmen zu verantwortungsvollem unternehmerischem Handeln<\/p>\n<\/li>\n<li>\n<p>UN-Frauenrechtskonvention<\/p>\n<\/li>\n<li>\n<p>UN-Kinderrechtskonvention<\/p>\n<\/li>\n<\/ul>\n<h2 id=\"unsere_erwartungen_an_mitarbeitende_und_gesch\u00e4ftspartner\" class=\"mt-8 text-2xl font-medium md:text-3xl\">Unsere Erwartungen an Mitarbeitende und Gesch\u00e4ftspartner<\/h2>\n<p>Von unseren Mitarbeitenden und Gesch\u00e4ftspartner erwarten wir die Einhaltung geltender Gesetze sowie das Mittragen der von uns definierten Unternehmenswerte. Wir erwarten von unseren Lieferanten und deren Vorlieferanten Transparenz und die konsequente Einhaltung sozialer und \u00f6kologischer Standards. Insbesondere die Einhaltung menschenw\u00fcrdiger Arbeitsbedingungen sind f\u00fcr uns niemals verhandelbar.<\/p>\n<p>Diese Erwartungen finden sich in unserem Verhaltenskodex (<b class=\"font-medium\">Code of Conduct<\/b>) wieder. Die Einhaltung dieses Verhaltenskodex ist f\u00fcr unsere Mitarbeitenden verpflichtend. Unser Verhaltenskodex f\u00fcr Lieferanten und Gesch\u00e4ftspartner (&#8222;<b class=\"font-medium\">Supplier Code of Conduct<\/b>&#8222;) legt zudem die ethischen, sozialen und \u00f6kologischen Standards fest, die wir von unseren Lieferanten und Gesch\u00e4ftspartnern erwarten. Sowohl der<b class=\"font-medium\">\u00a0Code of Conduct<\/b>\u00a0als auch der\u00a0<b class=\"font-medium\">Supplier Code of Conduct<\/b>\u00a0sind in der jeweils geltenden Version \u00fcber die Webseite jederzeit abrufbar.<\/p>\n<h2 id=\"menschenrechtliches_und_umweltbezogenes_risikomanagement\" class=\"mt-8 text-2xl font-medium md:text-3xl\">Menschenrechtliches und umweltbezogenes Risikomanagement<\/h2>\n<p>Als global t\u00e4tiges Unternehmen mit komplexen Lieferketten legen wir gro\u00dfen Wert darauf, Menschenrechte und Umweltschutz mit h\u00f6chster Sorgfalt zu behandeln, um Risiken und Verst\u00f6\u00dfe fr\u00fchzeitig zu vermeiden. Unser Ziel ist es, diese Risiken fr\u00fchzeitig zu identifizieren, durch gezielte Ma\u00dfnahmen zu minimieren und im Falle von Verst\u00f6\u00dfen schnell und angemessen zu reagieren. Hierf\u00fcr setzen wir vielf\u00e4ltige Ma\u00dfnahmen in verschiedenen Gesch\u00e4ftsbereichen um.<\/p>\n<p>Unser Risikomanagement und unsere Unternehmensprozesse \u00fcberpr\u00fcfen wir kontinuierlich, mit besonderem Fokus auf die Wirksamkeit unserer Pr\u00e4ventivma\u00dfnahmen, Abhilfema\u00dfnahmen und unseres Beschwerdeverfahrens. Wir pr\u00fcfen die Ergebnisse unserer Risikoanalyse eingehend und regelm\u00e4\u00dfig.<\/p>\n<h2 id=\"risikoanalyse\" class=\"mt-8 text-2xl font-medium md:text-3xl\">Risikoanalyse<\/h2>\n<p>Im Rahmen einer umfassenden Risikoanalyse untersuchen wir potenzielle Risiken systematisch. Hierf\u00fcr greifen wir auf das umfangreiche L\u00f6sungsangebot von Scrioo, einer renommierten Plattform f\u00fcr das Lieferantenmanagement, zur\u00fcck. Dabei betrachten wir sowohl einmal j\u00e4hrlich allgemeine Risiken, die sich aus den geografischen und branchenspezifischen Gegebenheiten ergeben, sowie anlassbezogen spezifische Risiken. Anschlie\u00dfend bewerten und priorisieren wir die identifizierten Risiken, um geeignete Pr\u00e4ventions- und &#8211; falls erforderlich &#8211; Abhilfema\u00dfnahmen f\u00fcr unsere eigenen Gesch\u00e4ftsbereiche sowie entlang unserer Lieferkette abzuleiten. Alle relevanten Entscheidungstr\u00e4ger werden \u00fcber die Ergebnisse der Risikoanalyse informiert.<\/p>\n<h2 id=\"priorit\u00e4re_menschenrechtliche_und_umweltbezogene_risiken\" class=\"mt-8 text-2xl font-medium md:text-3xl\">Priorit\u00e4re menschenrechtliche und umweltbezogene Risiken<\/h2>\n<p>Im Rahmen einer Risikobetrachtung des eigenen Gesch\u00e4ftsbereiches wurden alle Gesellschaften auf Ihr Risikopotential bzgl. menschenrechtlicher und umweltbezogener Risiken hin analysiert.<\/p>\n<p>Im Bereich unserer Unternehmenst\u00e4tigkeit bestehen menschenrechtliche und umweltbezogene Risiken vor allem in den Bereichen Beschaffung sowie Zeitarbeit. Die entsprechenden Gesellschaften wurden im Anschluss detaillierter betrachtet und sofern notwendig, entsprechende pr\u00e4ventive Ma\u00dfnahmen ergriffen.<\/p>\n<p>Im Bereich der Zeitarbeit verf\u00fcgt die\u00a0<b class=\"font-medium\">TQG-Gruppe\u00a0<\/b>ebenfalls \u00fcber pr\u00e4ventive interne Kontrollma\u00dfnahmen.<\/p>\n<h2 id=\"pr\u00e4ventions-_und_abhilfema\u00dfnahmen\" class=\"mt-8 text-2xl font-medium md:text-3xl\">Pr\u00e4ventions- und Abhilfema\u00dfnahmen<\/h2>\n<p>Bei der\u00a0<b class=\"font-medium\">TQG-Gruppe<\/b>\u00a0setzen wir verschiedene Pr\u00e4ventivma\u00dfnahmen sowohl im eigenen Gesch\u00e4ftsbereich als auch gegen\u00fcber unseren direkten Lieferanten um. Der Schutz der Menschenrechte und der Umwelt ist fester Bestandteil unseres Einkaufsprozesses und in unseren Einkaufsrichtlinien verankert. Neben unserem Code of Conduct und unserem Supplier Code of Conduct haben wir weitere Ma\u00dfnahmen ergriffen.<\/p>\n<p>Zum Schutz vor Arbeitsunf\u00e4llen und arbeitsbedingten Gesundheitsrisiken haben wir umfangreiche Ma\u00dfnahmen zur Gew\u00e4hrleistung von Sicherheit und Gesundheit am Arbeitsplatz etabliert. Unser Risikomanagement beinhaltet abstrakte und vertragliche Kontrollmechanismen und regelt deren risikobasierte Umsetzung. F\u00fcr Rohstoffe und Verpackungsmaterialien treffen wir spezielle Qualit\u00e4tssicherungsvereinbarungen.<\/p>\n<p>Dar\u00fcber hinaus sensibilisieren wir sowohl unsere Mitarbeitenden als auch Lieferanten und Gesch\u00e4ftspartner kontinuierlich f\u00fcr die Bedeutung von Menschenrechten und Umweltschutz und bieten anlass- und bedarfsbasiert entsprechende Beratungen an. Bei (drohenden) Verst\u00f6\u00dfen gegen gesch\u00fctzte Rechtspositionen wird die\u00a0<b class=\"font-medium\">TQG-Gruppe<\/b>\u00a0umgehend geeignete Abhilfema\u00dfnahmen ergreifen. Daf\u00fcr sind klare Prozesse mit definierten Verantwortlichkeiten festgelegt.<\/p>\n<p>Die\u00a0<b class=\"font-medium\">TQG-Gruppe<\/b>\u00a0f\u00fchrt die Risikoanalyse mit Hilfe von scrioo durch. Die scrioo Risikoanalyse bei unmittelbaren Lieferanten und Gesch\u00e4ftspartnern wird auf Grundlage der gesetzlichen Bestimmungen des\u00a0<b class=\"font-medium\">LkSG<\/b>\u00a0sowie den entsprechenden Handreichungen des zust\u00e4ndigen Bundesamtes f\u00fcr Wirtschaft und Ausfuhrkontrolle (BAFA) durchgef\u00fchrt.<\/p>\n<p>Zun\u00e4chst werden die Lieferanten- und Gesch\u00e4ftspartnerdaten der Bereiche, Tochtergesellschaften sowie Niederlassungen gesammelt. Diese werden zusammengef\u00fchrt und in scrioo integriert. Im ersten Schritt wird systemgest\u00fctzt das abstrakte Risiko im Sinne von L\u00e4nder- und Branchenrisiken ermittelt. Dabei werden statistische Daten und etablierte Indizes zur Beurteilung genutzt. Anschlie\u00dfend werden die Zulieferer im Rahmen der konkreten Risikoanalyse detailliert gepr\u00fcft und einer kontinuierlichen Medienbeobachtung und -analyse unterzogen sowie dynamisch mit einem Risk Score bewertet. Die erkannten Risiken werden bewertet und priorisiert. Bei den potentiell relevanten Risiken wird ein Fragebogen an den Lieferanten\/Gesch\u00e4ftspartner geschickt, anhand dessen ausgewertet wird, ob und wenn ja welche Ma\u00dfnahmen im Hinblick auf den konkreten Lieferanten\/Gesch\u00e4ftspartner zu treffen sind.<\/p>\n<p>\u00dcberdies wird mit scrioo eine kontinuierliche \u00dcberwachung hinsichtlich Lieferanten\/Gesch\u00e4ftspartner und Conflict Minerals sowie Sanktionslisteneintr\u00e4gen gew\u00e4hrleistet.<\/p>\n<p>Die Wirksamkeit der Pr\u00e4ventionsma\u00dfnahmen wird einmal im Jahr sowie anlassbezogen \u00fcberpr\u00fcft.<\/p>\n<h2 id=\"verantwortlichkeiten\" class=\"mt-8 text-2xl font-medium md:text-3xl\">Verantwortlichkeiten<\/h2>\n<p>F\u00fcr die Einhaltung der Grundsatzerkl\u00e4rung ist der Vorstand verantwortlich.<\/p>\n<p>Die Steuerung und \u00dcberwachung der Verfahren, mit denen die\u00a0<b class=\"font-medium\">TGQ-Gruppe\u00a0<\/b>ihren Verpflichtungen aus dem\u00a0<b class=\"font-medium\">LkSG\u00a0<\/b>nachkommt, liegt in der Verantwortung der unabh\u00e4ngigen Beauftragten f\u00fcr Menschenrechte. Sie berichtet mindestens einmal j\u00e4hrlich an die Gesch\u00e4ftsf\u00fchrung und schl\u00e4gt bei Bedarf Verbesserungen vor.<\/p>\n<h2 id=\"beschwerdeverfahren\" class=\"mt-8 text-2xl font-medium md:text-3xl\">Beschwerdeverfahren<\/h2>\n<p>Die\u00a0<b class=\"font-medium\">TQG-Gruppe<\/b>\u00a0hat im Zuge der Bek\u00e4mpfung von Verst\u00f6\u00dfen gegen gesetzliche Vorschriften und\/oder unternehmensinterne Compliance-Regeln sowie von Verst\u00f6\u00dfen gegen menschenrechts- und umweltbezogene Sorgfaltspflichten eine externe Rechtsanw\u00e4ltin als Ombudsanw\u00e4ltin und Ansprechpartnerin f\u00fcr unser Hinweisgebersystem berufen. Die Ombudsanw\u00e4ltin steht allen Hinweisgebern zur Verf\u00fcgung, die einen vertraulichen Hinweis auf Unregelm\u00e4\u00dfigkeiten bei der\u00a0<b class=\"font-medium\">TQG-Gruppe<\/b>\u00a0geben m\u00f6chten.<\/p>\n<p>Die\u00a0<b class=\"font-medium\">TQG-Gruppe\u00a0<\/b>ermutigt ihre Mitarbeiter und Gesch\u00e4ftspartner, alle Aktivit\u00e4ten zu melden, die auf einen Versto\u00df gegen geltende Gesetze oder unseren Verhaltenskodex hindeuten oder die mit ethischen Gesch\u00e4ftspraktiken unvereinbar sind. Der Link zur Beschwerdestelle findet sich hier:\u00a0<a class=\"underline\" href=\"https:\/\/www.esn.com\/pages\/compliance\" target=\"_blank\" rel=\"noopener noreferrer\">Compliance<\/a>.<\/p>\n<h2 id=\"dokumentation_und_berichterstattung\" class=\"mt-8 text-2xl font-medium md:text-3xl\">Dokumentation und Berichterstattung<\/h2>\n<p>Auf Basis der Dokumentation wird die\u00a0<b class=\"font-medium\">TQG-Gruppe<\/b>\u00a0alle anwendbaren Berichtspflichten fristgem\u00e4\u00df erf\u00fcllen. Die Menschenrechtsbeauftragte nimmt hierbei eine unterst\u00fctzende und koordinierende Funktion wahr. Die Einhaltung unserer menschen- und umweltrechtlichen Sorgfaltspflichten wird dokumentiert und sieben Jahre ab dem Erstellungsdatum aufbewahrt.<\/p>\n<p>Gezeichnet:<\/p>\n<p><b class=\"font-medium\">Vorstand der Asterix HoldCo SE<\/b><\/p>\n<p>(Datum Erstver\u00f6ffentlichung: Dezember 2024)<\/p>\n<p>* Nachfolgend aus Gr\u00fcnden der besseren Lesbarkeit wird bei Personenbezeichnungen und personenbezogenen Hauptw\u00f6rtern die m\u00e4nnliche Form verwendet. Entsprechende Begriffe gelten im Sinne der Gleichbehandlung grunds\u00e4tzlich f\u00fcr alle Geschlechter. Die verk\u00fcrzte Sprachform hat nur redaktionelle Gr\u00fcnde und beinhaltet keine Wertung.<\/p>\n<p>[\/et_pb_text][\/et_pb_column][\/et_pb_row][\/et_pb_section]<\/p>\n","protected":false},"excerpt":{"rendered":"<p>Grundsatzerkl\u00e4rung \u2013 Lieferkettensorgfaltspflichten* (Stand: Januar 2025) Pr\u00e4ambel Als international t\u00e4tiges Unternehmen sind wir uns unserer Verantwortung bewusst, Menschenrechte sowie Umweltstandards entlang unserer gesamten Lieferkette zu achten und zu sch\u00fctzen. Unsere Gesch\u00e4ftst\u00e4tigkeiten sollen zu einem nachhaltigen und gerechten globalen Wirtschaften beitragen, wobei wir uns klar zu den Grundwerten des Respekts vor der Menschenw\u00fcrde, fairen Arbeitsbedingungen, dem [&hellip;]<\/p>\n","protected":false},"author":1,"featured_media":0,"parent":0,"menu_order":0,"comment_status":"closed","ping_status":"closed","template":"","meta":{"_et_pb_use_builder":"on","_et_pb_old_content":"","_et_gb_content_width":"","footnotes":""},"dipi_cpt_category":[],"class_list":["post-27399144","page","type-page","status-publish","hentry"],"yoast_head":"<!-- This site is optimized with the Yoast SEO plugin v27.4 - https:\/\/yoast.com\/product\/yoast-seo-wordpress\/ -->\n<title>Grundsatzerkl\u00e4rung - The Quality Group<\/title>\n<meta name=\"robots\" content=\"index, follow, max-snippet:-1, max-image-preview:large, max-video-preview:-1\" \/>\n<link rel=\"canonical\" href=\"https:\/\/www.tqgg.com\/de\/grundsatzerklaerung\/\" \/>\n<meta property=\"og:locale\" content=\"de_DE\" \/>\n<meta property=\"og:type\" content=\"article\" \/>\n<meta property=\"og:title\" content=\"Grundsatzerkl\u00e4rung - The Quality Group\" \/>\n<meta property=\"og:description\" content=\"Grundsatzerkl\u00e4rung \u2013 Lieferkettensorgfaltspflichten* (Stand: Januar 2025) Pr\u00e4ambel Als international t\u00e4tiges Unternehmen sind wir uns unserer Verantwortung bewusst, Menschenrechte sowie Umweltstandards entlang unserer gesamten Lieferkette zu achten und zu sch\u00fctzen. Unsere Gesch\u00e4ftst\u00e4tigkeiten sollen zu einem nachhaltigen und gerechten globalen Wirtschaften beitragen, wobei wir uns klar zu den Grundwerten des Respekts vor der Menschenw\u00fcrde, fairen Arbeitsbedingungen, dem [&hellip;]\" \/>\n<meta property=\"og:url\" content=\"https:\/\/www.tqgg.com\/de\/grundsatzerklaerung\/\" \/>\n<meta property=\"og:site_name\" content=\"The Quality Group\" \/>\n<meta property=\"article:modified_time\" content=\"2026-04-13T09:08:50+00:00\" \/>\n<meta name=\"twitter:card\" content=\"summary_large_image\" \/>\n<meta name=\"twitter:label1\" content=\"Gesch\u00e4tzte Lesezeit\" \/>\n\t<meta name=\"twitter:data1\" content=\"8\u00a0Minuten\" \/>\n<script type=\"application\/ld+json\" class=\"yoast-schema-graph\">{\"@context\":\"https:\\\/\\\/schema.org\",\"@graph\":[{\"@type\":\"WebPage\",\"@id\":\"https:\\\/\\\/www.tqgg.com\\\/de\\\/grundsatzerklaerung\\\/\",\"url\":\"https:\\\/\\\/www.tqgg.com\\\/de\\\/grundsatzerklaerung\\\/\",\"name\":\"Grundsatzerkl\u00e4rung - The Quality Group\",\"isPartOf\":{\"@id\":\"https:\\\/\\\/www.tqgg.com\\\/de\\\/#website\"},\"datePublished\":\"2026-04-13T09:08:47+00:00\",\"dateModified\":\"2026-04-13T09:08:50+00:00\",\"breadcrumb\":{\"@id\":\"https:\\\/\\\/www.tqgg.com\\\/de\\\/grundsatzerklaerung\\\/#breadcrumb\"},\"inLanguage\":\"de\",\"potentialAction\":[{\"@type\":\"ReadAction\",\"target\":[\"https:\\\/\\\/www.tqgg.com\\\/de\\\/grundsatzerklaerung\\\/\"]}]},{\"@type\":\"BreadcrumbList\",\"@id\":\"https:\\\/\\\/www.tqgg.com\\\/de\\\/grundsatzerklaerung\\\/#breadcrumb\",\"itemListElement\":[{\"@type\":\"ListItem\",\"position\":1,\"name\":\"Start\",\"item\":\"https:\\\/\\\/www.tqgg.com\\\/de\\\/\"},{\"@type\":\"ListItem\",\"position\":2,\"name\":\"Grundsatzerkl\u00e4rung\"}]},{\"@type\":\"WebSite\",\"@id\":\"https:\\\/\\\/www.tqgg.com\\\/de\\\/#website\",\"url\":\"https:\\\/\\\/www.tqgg.com\\\/de\\\/\",\"name\":\"The Quality Group\",\"description\":\"Willkommen bei The Quality Group GmbH\",\"potentialAction\":[{\"@type\":\"SearchAction\",\"target\":{\"@type\":\"EntryPoint\",\"urlTemplate\":\"https:\\\/\\\/www.tqgg.com\\\/de\\\/?s={search_term_string}\"},\"query-input\":{\"@type\":\"PropertyValueSpecification\",\"valueRequired\":true,\"valueName\":\"search_term_string\"}}],\"inLanguage\":\"de\"}]}<\/script>\n<!-- \/ Yoast SEO plugin. -->","yoast_head_json":{"title":"Grundsatzerkl\u00e4rung - The Quality Group","robots":{"index":"index","follow":"follow","max-snippet":"max-snippet:-1","max-image-preview":"max-image-preview:large","max-video-preview":"max-video-preview:-1"},"canonical":"https:\/\/www.tqgg.com\/de\/grundsatzerklaerung\/","og_locale":"de_DE","og_type":"article","og_title":"Grundsatzerkl\u00e4rung - The Quality Group","og_description":"Grundsatzerkl\u00e4rung \u2013 Lieferkettensorgfaltspflichten* (Stand: Januar 2025) Pr\u00e4ambel Als international t\u00e4tiges Unternehmen sind wir uns unserer Verantwortung bewusst, Menschenrechte sowie Umweltstandards entlang unserer gesamten Lieferkette zu achten und zu sch\u00fctzen. Unsere Gesch\u00e4ftst\u00e4tigkeiten sollen zu einem nachhaltigen und gerechten globalen Wirtschaften beitragen, wobei wir uns klar zu den Grundwerten des Respekts vor der Menschenw\u00fcrde, fairen Arbeitsbedingungen, dem [&hellip;]","og_url":"https:\/\/www.tqgg.com\/de\/grundsatzerklaerung\/","og_site_name":"The Quality Group","article_modified_time":"2026-04-13T09:08:50+00:00","twitter_card":"summary_large_image","twitter_misc":{"Gesch\u00e4tzte Lesezeit":"8\u00a0Minuten"},"schema":{"@context":"https:\/\/schema.org","@graph":[{"@type":"WebPage","@id":"https:\/\/www.tqgg.com\/de\/grundsatzerklaerung\/","url":"https:\/\/www.tqgg.com\/de\/grundsatzerklaerung\/","name":"Grundsatzerkl\u00e4rung - The Quality Group","isPartOf":{"@id":"https:\/\/www.tqgg.com\/de\/#website"},"datePublished":"2026-04-13T09:08:47+00:00","dateModified":"2026-04-13T09:08:50+00:00","breadcrumb":{"@id":"https:\/\/www.tqgg.com\/de\/grundsatzerklaerung\/#breadcrumb"},"inLanguage":"de","potentialAction":[{"@type":"ReadAction","target":["https:\/\/www.tqgg.com\/de\/grundsatzerklaerung\/"]}]},{"@type":"BreadcrumbList","@id":"https:\/\/www.tqgg.com\/de\/grundsatzerklaerung\/#breadcrumb","itemListElement":[{"@type":"ListItem","position":1,"name":"Start","item":"https:\/\/www.tqgg.com\/de\/"},{"@type":"ListItem","position":2,"name":"Grundsatzerkl\u00e4rung"}]},{"@type":"WebSite","@id":"https:\/\/www.tqgg.com\/de\/#website","url":"https:\/\/www.tqgg.com\/de\/","name":"The Quality Group","description":"Willkommen bei The Quality Group GmbH","potentialAction":[{"@type":"SearchAction","target":{"@type":"EntryPoint","urlTemplate":"https:\/\/www.tqgg.com\/de\/?s={search_term_string}"},"query-input":{"@type":"PropertyValueSpecification","valueRequired":true,"valueName":"search_term_string"}}],"inLanguage":"de"}]}},"_links":{"self":[{"href":"https:\/\/www.tqgg.com\/de\/wp-json\/wp\/v2\/pages\/27399144","targetHints":{"allow":["GET"]}}],"collection":[{"href":"https:\/\/www.tqgg.com\/de\/wp-json\/wp\/v2\/pages"}],"about":[{"href":"https:\/\/www.tqgg.com\/de\/wp-json\/wp\/v2\/types\/page"}],"author":[{"embeddable":true,"href":"https:\/\/www.tqgg.com\/de\/wp-json\/wp\/v2\/users\/1"}],"replies":[{"embeddable":true,"href":"https:\/\/www.tqgg.com\/de\/wp-json\/wp\/v2\/comments?post=27399144"}],"version-history":[{"count":2,"href":"https:\/\/www.tqgg.com\/de\/wp-json\/wp\/v2\/pages\/27399144\/revisions"}],"predecessor-version":[{"id":27399147,"href":"https:\/\/www.tqgg.com\/de\/wp-json\/wp\/v2\/pages\/27399144\/revisions\/27399147"}],"wp:attachment":[{"href":"https:\/\/www.tqgg.com\/de\/wp-json\/wp\/v2\/media?parent=27399144"}],"wp:term":[{"taxonomy":"dipi_cpt_category","embeddable":true,"href":"https:\/\/www.tqgg.com\/de\/wp-json\/wp\/v2\/dipi_cpt_category?post=27399144"}],"curies":[{"name":"wp","href":"https:\/\/api.w.org\/{rel}","templated":true}]}}