{"id":27399157,"date":"2026-04-13T09:15:31","date_gmt":"2026-04-13T09:15:31","guid":{"rendered":"https:\/\/p-el4lkh.project.space\/?page_id=27399157"},"modified":"2026-04-13T09:15:34","modified_gmt":"2026-04-13T09:15:34","slug":"nutracorp","status":"publish","type":"page","link":"https:\/\/www.tqgg.com\/de\/anlieferbedingungen\/nutracorp\/","title":{"rendered":"Anlieferbedingungen Nutracorp GmbH"},"content":{"rendered":"<p>[et_pb_section fb_built=&#8220;1&#8243; _builder_version=&#8220;4.27.6&#8243; _module_preset=&#8220;default&#8220; locked=&#8220;off&#8220; global_colors_info=&#8220;{}&#8220; theme_builder_area=&#8220;post_content&#8220;][et_pb_row _builder_version=&#8220;4.27.6&#8243; _module_preset=&#8220;default&#8220; max_width=&#8220;80%&#8220; global_colors_info=&#8220;{}&#8220; theme_builder_area=&#8220;post_content&#8220;][et_pb_column type=&#8220;4_4&#8243; _builder_version=&#8220;4.27.6&#8243; _module_preset=&#8220;default&#8220; global_colors_info=&#8220;{}&#8220; theme_builder_area=&#8220;post_content&#8220;][et_pb_text _builder_version=&#8220;4.27.6&#8243; _module_preset=&#8220;default&#8220; text_font=&#8220;&#8211;et_global_body_font|100|||||||&#8220; text_text_color=&#8220;#000000&#8243; text_font_size=&#8220;17px&#8220; text_line_height=&#8220;1.6em&#8220; header_font=&#8220;|600||on|||||&#8220; header_font_size=&#8220;45px&#8220; hover_enabled=&#8220;0&#8243; text_font_size_tablet=&#8220;17px&#8220; text_font_size_phone=&#8220;16px&#8220; text_font_size_last_edited=&#8220;on|desktop&#8220; text_line_height_tablet=&#8220;1.4em&#8220; text_line_height_phone=&#8220;1.4em&#8220; text_line_height_last_edited=&#8220;on|phone&#8220; header_font_size_tablet=&#8220;25px&#8220; header_font_size_phone=&#8220;18px&#8220; header_font_size_last_edited=&#8220;on|phone&#8220; locked=&#8220;off&#8220; global_colors_info=&#8220;{}&#8220; theme_builder_area=&#8220;post_content&#8220; link_text_color=&#8220;#000000&#8243; sticky_enabled=&#8220;0&#8243;]<\/p>\n<h1>Anlieferbedingungen Nutracorp GmbH<\/h1>\n<h2>1. Geltungsbereich<\/h2>\n<p>Die in den Anlieferbedingungen genannten Vorschriften regeln den reibungslosen, logistischen Ablauf zwischen der\u00a0<b class=\"font-medium\">Nutracorp GmbH<\/b>\u00a0und ihren Lieferanten. Die Bedingungen beschreiben die Grunds\u00e4tze der Transport-, Verpackungs- und Kennzeichnungsvorschriften.<\/p>\n<h2>2. Anlieferung<\/h2>\n<h3>2.1. Anlieferadresse\/-zeiten<\/h3>\n<p>Wir verf\u00fcgen \u00fcber die nachfolgend genannten Anlieferadressen. Auf Bestellungen wird die f\u00fcr den jeweiligen Vorgang einzuhaltende postalische Anlieferadresse aufgef\u00fchrt.<\/p>\n<p>&nbsp;<\/p>\n<table>\n<thead>\n<tr>\n<th>Anlieferadresse<\/th>\n<th>Warenannahme<\/th>\n<\/tr>\n<\/thead>\n<tbody>\n<tr>\n<td>Nutracorp GmbH<br \/>\nWerner-von-Siemens-Stra\u00dfe 8<br \/>\n25337 Elmshorn<br \/>\nDeutschland<\/td>\n<td>Montag &#8211; Freitag<br \/>\n06:00 bis 22:00 Uhr<strong><u>Kontakt:<\/u><\/strong><br \/>\nTel.: <a href=\"tel:041216460116\">04121 6460116<\/a><\/p>\n<p><strong><u>Avisierung:<\/u><\/strong><br \/>\nAlle Lieferungen bitte \u00fcber CARGOCLIX avisieren:<br \/>\n<a href=\"https:\/\/www.cargoclix.com\/tqgg\" target=\"_blank\" rel=\"noopener noreferrer\">https:\/\/www.cargoclix.com\/tqgg<\/a><br \/>\nBei Fragen wenden Sie sich bitte an:<br \/>\n<a href=\"mailto:avis@nutracorp.de\">avis@nutracorp.de<\/a><\/p>\n<p><strong><u>Wichtiger Hinweis:<\/u><\/strong><br \/>\nAnlieferung und Entladung sind nur bis sp\u00e4testens 22:00 Uhr m\u00f6glich. Eine entsprechende Vorlaufzeit ist einzuplanen.<\/td>\n<\/tr>\n<tr>\n<td>TST GmbH<br \/>\nCarl-Benz-Stra\u00dfe 23<br \/>\n28237 Bremen<br \/>\nDeutschland<br \/>\n<strong><u>Referenz:<\/u><\/strong> Nutracorp Bestellnummer<\/td>\n<td>Montag &#8211; Freitag<br \/>\n07:00 bis 16:00 Uhr<br \/>\nAnk\u00fcndigungen bis sp\u00e4testens 15 Uhr<strong><u>Kontakt:<\/u><\/strong><br \/>\nJil Waldmann\/Jana Ba\u00dfe: <a href=\"tel:+4906242915083859\">+49 (0) 6242-91508-3859<\/a><\/p>\n<p><strong><u>Avisierung:<\/u><\/strong><br \/>\nAlle Lieferungen bitte \u00fcber CARGOCLIX avisieren:<br \/>\n<a href=\"https:\/\/www.cargoclix.com\/tst-bremen\" target=\"_blank\" rel=\"noopener noreferrer\">https:\/\/www.cargoclix.com\/tst-bremen<\/a><br \/>\nBei Fragen wenden Sie sich bitte an:<br \/>\n<a href=\"mailto:avise.tqgg-nutracorp@tst-logistics.com\">avise.tqgg-nutracorp@tst-logistics.com<\/a><\/p>\n<p><strong><u>Wichtiger Hinweis:<\/u><\/strong><br \/>\nAnlieferung und Entladung sind nur bis sp\u00e4testens 16:00 Uhr m\u00f6glich. Eine entsprechende Vorlaufzeit ist einzuplanen.<\/td>\n<\/tr>\n<tr>\n<td>Nutracorp GmbH<br \/>\nKirchenweg 6<br \/>\n24568 N\u00fctzen<br \/>\nDeutschland<\/td>\n<td>Montag \u2013 Freitag<br \/>\n08:00 bis 16:00 Uhr<strong><u>Avisierung:<\/u><\/strong><br \/>\nAlle Lieferungen bitte \u00fcber CARGOCLIX avisieren:<br \/>\n<a href=\"https:\/\/www.cargoclix.com\/tqgg\" target=\"_blank\" rel=\"noopener noreferrer\">https:\/\/www.cargoclix.com\/tqgg<\/a><br \/>\nBei Fragen wenden Sie sich bitte an:<br \/>\n<a href=\"mailto:avis@nutracorp.de\">avis@nutracorp.de<\/a><\/p>\n<p><strong><u>Wichtiger Hinweis:<\/u><\/strong><br \/>\nAnlieferung und Entladung sind nur bis sp\u00e4testens 16:00 Uhr m\u00f6glich. Eine entsprechende Vorlaufzeit ist einzuplanen.<\/td>\n<\/tr>\n<\/tbody>\n<\/table>\n<p>Die Anlieferung muss innerhalb der Warenannahmezeiten erfolgen. Bei hohem Aufkommen k\u00f6nnen avisierte Termine verschoben werden. Hier erhalten Sie min. einen Werktag\/24h vor Lieferung eine schriftliche Ablehnung der Anlieferung mit Vergabe eines neuen Termins.<\/p>\n<h3 id=\"_zusatzkosten_f\u00fcr_abweichungen_der_anlieferung\" class=\"mb-4 mt-8 text-lg font-medium md:text-2xl\">2.2. Zusatzkosten f\u00fcr Abweichungen der Anlieferung<\/h3>\n<p>Bei fehlerhafter Anlieferung werden dem Hersteller die hierdurch entstehenden Kosten belastet. Hierbei wird der entsprechende Zeitaufwand mit einem Stundensatz von 29,00 \u20ac berechnet. Eine fehlerhafte Lieferung entsteht durch die im Punkt 4 unzureichend erf\u00fcllten Punkte als auch durch abweichende Liefermengen und Ausschussware.<\/p>\n<h3 id=\"_information_zur_anlieferung\" class=\"mb-4 mt-8 text-lg font-medium md:text-2xl\">2.3. Information zur Anlieferung<\/h3>\n<ul class=\"list-disc pl-4\">\n<li>Heckentladung mit Gabel- oder Elektro Hubwagen<\/li>\n<\/ul>\n<p>Eine Entladung von der Seite ist nicht m\u00f6glich. Bei der Warenannahme kann nur die Anzahl der angelieferten Paletten, Karton usw. sowie die \u00e4u\u00dferliche Unversehrtheit der Versandpackung quittiert werden. Besch\u00e4digungen der Ware bei der Anlieferung sind vom Fahrer auf dem Lieferschein zu best\u00e4tigen.<\/p>\n<h3 id=\"_lieferavis\/zertifikate\" class=\"mb-4 mt-8 text-lg font-medium md:text-2xl\">2.4. Lieferavis\/Zertifikate<\/h3>\n<p>Die nachfolgenden Bedingungen sind vor bzw. mit Anlieferung sicherzustellen &#8211; Sofern die spezifizierten Dokumente nicht im Vorfeld bereit gestellt werden oder die Anmeldung via Lieferavis nicht erfolgt ist, kann die Entladung nicht stattfinden. Kosten, die dadurch beim Lieferanten entstehen, werden nicht \u00fcbernommen.<\/p>\n<ul class=\"list-disc pl-4\">\n<li>Lieferavis, Lieferschein und Zolldokumente mindestens 2 Tage (48 Stunden) vor Anlieferung per mail to:\n<ul class=\"list-disc pl-4\">\n<li>Anlieferungen in Elmshorn: avis@nutracorp.de<\/li>\n<li>Anlieferungen in Bremen: avise.tqgg-nutracorp@tst-logistics.com<\/li>\n<\/ul>\n<\/li>\n<li>Lieferavis via CARGOCLIX:\n<ul class=\"list-disc pl-4\">\n<li>Anlieferungen in Elmshorn:\u00a0<a class=\"underline\" href=\"https:\/\/wwwcargoclixcom\/tqgg\" target=\"_blank\" rel=\"noopener noreferrer\">www.cargoclix.com\/tqgg<\/a><\/li>\n<li>Anlieferungen in Bremen:\u00a0<a class=\"underline\" href=\"https:\/\/wwwcargoclixcom\/tst-bremen\" target=\"_blank\" rel=\"noopener noreferrer\">www.cargoclix.com\/tst-bremen<\/a><\/li>\n<\/ul>\n<\/li>\n<li>Angaben auf Lieferschein :\n<ul class=\"list-disc pl-4\">\n<li>Absender und Kunde<\/li>\n<li>PO-\/Bestellnummer<\/li>\n<li>Anzahl der Paletten<\/li>\n<li>Nutracorp Artikelnummer<\/li>\n<li>Warenbezeichnung<\/li>\n<\/ul>\n<\/li>\n<li>Versanddatum, Lieferdatum, Uhrzeit<\/li>\n<\/ul>\n<p>Wenn Chargenbezogene Analysenzertifikate vorliegen, m\u00fcssen diese sp\u00e4testens zum Zeitpunkt des Lieferavis an per Mail an folgende Adresse versandt werden:\u00a0<a href=\"https:\/\/www.tqgg.de\/anlieferbedingungen\/nutracorp#qm-support@nutracorpde\">qm-support@nutracorp.de<\/a><\/p>\n<h3>2.5. Palettentausch<\/h3>\n<p>Die Anlieferung soll grunds\u00e4tzlich auf tauschf\u00e4higen und unbesch\u00e4digten Euro-Paletten, Grundma\u00df 1200 \u00d7 800 \u00d7 144 mm (L\u00e4nge x Breite x H\u00f6he) der Qualit\u00e4tsklasse A oder B erfolgen. Nur tauschf\u00e4hige Standard-Euro-Paletten k\u00f6nnen gem\u00e4\u00df den Vorgaben der European Pallet Association (EPAL) getauscht werden. Der Lieferant hat daf\u00fcr Sorge zu tragen, dass er in der Lage ist, die Tauschpaletten bei der Anlieferung anzunehmen.<\/p>\n<h3>2.6. Labelling \/ Sortenreine Lieferung<\/h3>\n<p>Paletten und Verpackungseinheiten sind sortenrein (nach Typ und Charge) anzuliefern. Jede Palette und Verpackungseinheit muss klar erkenntlich auf beiden Seiten mit Artikelnummer (+ Artikelnummer als Barcode), Charge (+ Charge als Barcode), Anzahl der Verpackungseinheiten und Einzelgewicht pro Artikel in Gramm gekennzeichnet sein. Bei einem Wechsel der Mengen in einer Verpackungseinheit muss diese Information auf der Palette und der Verpackungseinheit klar ersichtlich sein.<\/p>\n<p>Sollte, aufgrund des Ordertyps, eine sortenreine Lieferung nicht m\u00f6glich sein, sind Mischlieferungen nur nach vorheriger Freigabe der Nutracorp erlaubt. Zugeh\u00f6rige Einheiten m\u00fcssen als Mischlieferung klar erkenntlich sein. Enthaltene Artikel, Mengen und Chargen m\u00fcssen auf der Palette oder Verpackungseinheit wie im ersten Absatz spezifiziert ersichtlich sein.<\/p>\n<p>Sandwichpaletten sind erlaubt, solange die Abmessungen innerhalb der in Punkt 4 spezifizierten Maximalma\u00dfe liegt.<\/p>\n<h2>3. Lieferdokumente<\/h2>\n<p>Eine Warenannahme ist nur m\u00f6glich, wenn der Anlieferung ein Lieferschein mit folgenden Angaben beigef\u00fcgt ist:<\/p>\n<ul class=\"list-disc pl-4\">\n<li>Lieferschein\n<ul class=\"list-disc pl-4\">\n<li>Lieferant und Anschrift<\/li>\n<li>Versanddatum\/Lieferdatum<\/li>\n<li>Besteller, Bestelldatum<\/li>\n<li>Bestellnummer<\/li>\n<li>Nutracorp Artikelnummer (+ Artikelnummer als Barcode)<\/li>\n<li>Gesamtmenge und Mengeneinheit<\/li>\n<li>Mindesthaltbarkeitsdatum\/Charge (+ Charge als Barcode)<\/li>\n<li>Falls relevant: \u00d6ko-Kontrollstellennummer<\/li>\n<li>CMR Dokumente und Packliste<\/li>\n<\/ul>\n<\/li>\n<\/ul>\n<p>Bei Nichterf\u00fcllung oder nicht vorhandenem Lieferschein wird der Wareneingang abgelehnt.<\/p>\n<h3>4. Aufbau der Paletten<\/h3>\n<ul>\n<li>4.1. Die Anlieferung soll auf tauschf\u00e4higen und unbesch\u00e4digten Euro-Paletten, Grundma\u00df 1200 \u00d7 800 \u00d7 144 mm (L\u00e4nge x Breite x H\u00f6he) erfolgen. Das Stapelbild einer Palette muss flach und m\u00f6glichst in gleicher H\u00f6he abschIie\u00dfen, um das Stapeln der Paletten zu erm\u00f6glichen. Dies gilt besonders bei Mengen \u00fcber 33 Paletten. Die maximale H\u00f6he einer Palette betr\u00e4gt 1,90 m. Das Gewicht sollte hier 1000 kg nicht \u00fcberschreiten.<\/li>\n<li>4.2. Die Anlieferung kann zus\u00e4tzlich auch auf Industriepaletten (Qualit\u00e4tsklasse A oder B), Grundma\u00df 1200 x 1000 x 140 mm (L\u00e4nge x Breite x H\u00f6he) erfolgen. Das Stapelbild einer Palette muss flach und m\u00f6glichst in gleicher H\u00f6he abschIie\u00dfen, um das Stapeln der Paletten zu erm\u00f6glichen. Die maximale H\u00f6he einer Palette betr\u00e4gt 1,90 m. Das Gewicht sollte hier 1000 kg nicht \u00fcberschreiten. Diese Paletten werden nicht getauscht.<\/li>\n<li>4.3. Paletteneinheiten m\u00fcssen so verpackt sein, dass eine Anlieferung in einwandfreiem Zustand sichergestellt ist<\/li>\n<li>4.4. Eine Vermischung von mehreren Bestellungen auf einer Palette ist nicht zul\u00e4ssig. Ausgenommen es werden Aufsetzrahmen zum Abtrennen der einzelnen Bestellungen verwendet.<\/li>\n<li>4.5. Grunds\u00e4tzlich ist darauf zu achten, dass die Qualit\u00e4t der Teile nicht unter Gewicht oder Art der Verladung\/Verpackung besch\u00e4digt wird<\/li>\n<li>4.6. Die Paletten d\u00fcrfen nicht mit schwarzer Folie umwickelt werden<\/li>\n<li>4.7. Angelieferte Paletten m\u00fcssen in einem trockenen Zustand sein und d\u00fcrfen keine \u00fcberm\u00e4\u00dfige Feuchtigkeit aufweisen. Paletten mit einer Feuchtigkeit von \u00fcber 15% werden nicht akzeptiert<\/li>\n<\/ul>\n<h2>5. Abweichungen \/ Annahmevorbehalt<\/h2>\n<p>Von dieser Richtlinie abweichende Anlieferungen sind mit einem erheblichen Mehraufwand im Wareneingang verbunden. Daher beh\u00e4lt sich die Nutracorp GmbH grunds\u00e4tzlich vor, die Warenannahme zu verweigern oder den notwendigen Mehraufwand dem Lieferanten in Rechnung zu stellen. Abweichungen k\u00f6nnen im Einzelfall im Vorfeld festgelegt werden[\/et_pb_text][\/et_pb_column][\/et_pb_row][\/et_pb_section]<\/p>\n","protected":false},"excerpt":{"rendered":"<p>Anlieferbedingungen Nutracorp GmbH 1. Geltungsbereich Die in den Anlieferbedingungen genannten Vorschriften regeln den reibungslosen, logistischen Ablauf zwischen der\u00a0Nutracorp GmbH\u00a0und ihren Lieferanten. Die Bedingungen beschreiben die Grunds\u00e4tze der Transport-, Verpackungs- und Kennzeichnungsvorschriften. 2. Anlieferung 2.1. Anlieferadresse\/-zeiten Wir verf\u00fcgen \u00fcber die nachfolgend genannten Anlieferadressen. Auf Bestellungen wird die f\u00fcr den jeweiligen Vorgang einzuhaltende postalische Anlieferadresse aufgef\u00fchrt. &nbsp; [&hellip;]<\/p>\n","protected":false},"author":1,"featured_media":0,"parent":27399153,"menu_order":0,"comment_status":"closed","ping_status":"closed","template":"","meta":{"_et_pb_use_builder":"on","_et_pb_old_content":"","_et_gb_content_width":"","footnotes":""},"dipi_cpt_category":[],"class_list":["post-27399157","page","type-page","status-publish","hentry"],"yoast_head":"<!-- This site is optimized with the Yoast SEO plugin v27.4 - https:\/\/yoast.com\/product\/yoast-seo-wordpress\/ -->\n<title>Anlieferbedingungen Nutracorp GmbH - The Quality Group<\/title>\n<meta name=\"robots\" content=\"index, follow, max-snippet:-1, max-image-preview:large, max-video-preview:-1\" \/>\n<link rel=\"canonical\" href=\"https:\/\/www.tqgg.com\/de\/anlieferbedingungen\/nutracorp\/\" \/>\n<meta property=\"og:locale\" content=\"de_DE\" \/>\n<meta property=\"og:type\" content=\"article\" \/>\n<meta property=\"og:title\" content=\"Anlieferbedingungen Nutracorp GmbH - The Quality Group\" \/>\n<meta property=\"og:description\" content=\"Anlieferbedingungen Nutracorp GmbH 1. Geltungsbereich Die in den Anlieferbedingungen genannten Vorschriften regeln den reibungslosen, logistischen Ablauf zwischen der\u00a0Nutracorp GmbH\u00a0und ihren Lieferanten. Die Bedingungen beschreiben die Grunds\u00e4tze der Transport-, Verpackungs- und Kennzeichnungsvorschriften. 2. Anlieferung 2.1. Anlieferadresse\/-zeiten Wir verf\u00fcgen \u00fcber die nachfolgend genannten Anlieferadressen. Auf Bestellungen wird die f\u00fcr den jeweiligen Vorgang einzuhaltende postalische Anlieferadresse aufgef\u00fchrt. &nbsp; [&hellip;]\" \/>\n<meta property=\"og:url\" content=\"https:\/\/www.tqgg.com\/de\/anlieferbedingungen\/nutracorp\/\" \/>\n<meta property=\"og:site_name\" content=\"The Quality Group\" \/>\n<meta property=\"article:modified_time\" content=\"2026-04-13T09:15:34+00:00\" \/>\n<meta name=\"twitter:card\" content=\"summary_large_image\" \/>\n<meta name=\"twitter:label1\" content=\"Gesch\u00e4tzte Lesezeit\" \/>\n\t<meta name=\"twitter:data1\" content=\"6\u00a0Minuten\" \/>\n<script type=\"application\/ld+json\" class=\"yoast-schema-graph\">{\"@context\":\"https:\\\/\\\/schema.org\",\"@graph\":[{\"@type\":\"WebPage\",\"@id\":\"https:\\\/\\\/www.tqgg.com\\\/de\\\/anlieferbedingungen\\\/nutracorp\\\/\",\"url\":\"https:\\\/\\\/www.tqgg.com\\\/de\\\/anlieferbedingungen\\\/nutracorp\\\/\",\"name\":\"Anlieferbedingungen Nutracorp GmbH - The Quality Group\",\"isPartOf\":{\"@id\":\"https:\\\/\\\/www.tqgg.com\\\/de\\\/#website\"},\"datePublished\":\"2026-04-13T09:15:31+00:00\",\"dateModified\":\"2026-04-13T09:15:34+00:00\",\"breadcrumb\":{\"@id\":\"https:\\\/\\\/www.tqgg.com\\\/de\\\/anlieferbedingungen\\\/nutracorp\\\/#breadcrumb\"},\"inLanguage\":\"de\",\"potentialAction\":[{\"@type\":\"ReadAction\",\"target\":[\"https:\\\/\\\/www.tqgg.com\\\/de\\\/anlieferbedingungen\\\/nutracorp\\\/\"]}]},{\"@type\":\"BreadcrumbList\",\"@id\":\"https:\\\/\\\/www.tqgg.com\\\/de\\\/anlieferbedingungen\\\/nutracorp\\\/#breadcrumb\",\"itemListElement\":[{\"@type\":\"ListItem\",\"position\":1,\"name\":\"Start\",\"item\":\"https:\\\/\\\/www.tqgg.com\\\/de\\\/\"},{\"@type\":\"ListItem\",\"position\":2,\"name\":\"Anlieferbedingungen\",\"item\":\"https:\\\/\\\/www.tqgg.com\\\/de\\\/anlieferbedingungen\\\/\"},{\"@type\":\"ListItem\",\"position\":3,\"name\":\"Anlieferbedingungen Nutracorp GmbH\"}]},{\"@type\":\"WebSite\",\"@id\":\"https:\\\/\\\/www.tqgg.com\\\/de\\\/#website\",\"url\":\"https:\\\/\\\/www.tqgg.com\\\/de\\\/\",\"name\":\"The Quality Group\",\"description\":\"Willkommen bei The Quality Group GmbH\",\"potentialAction\":[{\"@type\":\"SearchAction\",\"target\":{\"@type\":\"EntryPoint\",\"urlTemplate\":\"https:\\\/\\\/www.tqgg.com\\\/de\\\/?s={search_term_string}\"},\"query-input\":{\"@type\":\"PropertyValueSpecification\",\"valueRequired\":true,\"valueName\":\"search_term_string\"}}],\"inLanguage\":\"de\"}]}<\/script>\n<!-- \/ Yoast SEO plugin. -->","yoast_head_json":{"title":"Anlieferbedingungen Nutracorp GmbH - The Quality Group","robots":{"index":"index","follow":"follow","max-snippet":"max-snippet:-1","max-image-preview":"max-image-preview:large","max-video-preview":"max-video-preview:-1"},"canonical":"https:\/\/www.tqgg.com\/de\/anlieferbedingungen\/nutracorp\/","og_locale":"de_DE","og_type":"article","og_title":"Anlieferbedingungen Nutracorp GmbH - The Quality Group","og_description":"Anlieferbedingungen Nutracorp GmbH 1. Geltungsbereich Die in den Anlieferbedingungen genannten Vorschriften regeln den reibungslosen, logistischen Ablauf zwischen der\u00a0Nutracorp GmbH\u00a0und ihren Lieferanten. Die Bedingungen beschreiben die Grunds\u00e4tze der Transport-, Verpackungs- und Kennzeichnungsvorschriften. 2. Anlieferung 2.1. Anlieferadresse\/-zeiten Wir verf\u00fcgen \u00fcber die nachfolgend genannten Anlieferadressen. Auf Bestellungen wird die f\u00fcr den jeweiligen Vorgang einzuhaltende postalische Anlieferadresse aufgef\u00fchrt. &nbsp; [&hellip;]","og_url":"https:\/\/www.tqgg.com\/de\/anlieferbedingungen\/nutracorp\/","og_site_name":"The Quality Group","article_modified_time":"2026-04-13T09:15:34+00:00","twitter_card":"summary_large_image","twitter_misc":{"Gesch\u00e4tzte Lesezeit":"6\u00a0Minuten"},"schema":{"@context":"https:\/\/schema.org","@graph":[{"@type":"WebPage","@id":"https:\/\/www.tqgg.com\/de\/anlieferbedingungen\/nutracorp\/","url":"https:\/\/www.tqgg.com\/de\/anlieferbedingungen\/nutracorp\/","name":"Anlieferbedingungen Nutracorp GmbH - The Quality Group","isPartOf":{"@id":"https:\/\/www.tqgg.com\/de\/#website"},"datePublished":"2026-04-13T09:15:31+00:00","dateModified":"2026-04-13T09:15:34+00:00","breadcrumb":{"@id":"https:\/\/www.tqgg.com\/de\/anlieferbedingungen\/nutracorp\/#breadcrumb"},"inLanguage":"de","potentialAction":[{"@type":"ReadAction","target":["https:\/\/www.tqgg.com\/de\/anlieferbedingungen\/nutracorp\/"]}]},{"@type":"BreadcrumbList","@id":"https:\/\/www.tqgg.com\/de\/anlieferbedingungen\/nutracorp\/#breadcrumb","itemListElement":[{"@type":"ListItem","position":1,"name":"Start","item":"https:\/\/www.tqgg.com\/de\/"},{"@type":"ListItem","position":2,"name":"Anlieferbedingungen","item":"https:\/\/www.tqgg.com\/de\/anlieferbedingungen\/"},{"@type":"ListItem","position":3,"name":"Anlieferbedingungen Nutracorp GmbH"}]},{"@type":"WebSite","@id":"https:\/\/www.tqgg.com\/de\/#website","url":"https:\/\/www.tqgg.com\/de\/","name":"The Quality Group","description":"Willkommen bei The Quality Group GmbH","potentialAction":[{"@type":"SearchAction","target":{"@type":"EntryPoint","urlTemplate":"https:\/\/www.tqgg.com\/de\/?s={search_term_string}"},"query-input":{"@type":"PropertyValueSpecification","valueRequired":true,"valueName":"search_term_string"}}],"inLanguage":"de"}]}},"_links":{"self":[{"href":"https:\/\/www.tqgg.com\/de\/wp-json\/wp\/v2\/pages\/27399157","targetHints":{"allow":["GET"]}}],"collection":[{"href":"https:\/\/www.tqgg.com\/de\/wp-json\/wp\/v2\/pages"}],"about":[{"href":"https:\/\/www.tqgg.com\/de\/wp-json\/wp\/v2\/types\/page"}],"author":[{"embeddable":true,"href":"https:\/\/www.tqgg.com\/de\/wp-json\/wp\/v2\/users\/1"}],"replies":[{"embeddable":true,"href":"https:\/\/www.tqgg.com\/de\/wp-json\/wp\/v2\/comments?post=27399157"}],"version-history":[{"count":2,"href":"https:\/\/www.tqgg.com\/de\/wp-json\/wp\/v2\/pages\/27399157\/revisions"}],"predecessor-version":[{"id":27399160,"href":"https:\/\/www.tqgg.com\/de\/wp-json\/wp\/v2\/pages\/27399157\/revisions\/27399160"}],"up":[{"embeddable":true,"href":"https:\/\/www.tqgg.com\/de\/wp-json\/wp\/v2\/pages\/27399153"}],"wp:attachment":[{"href":"https:\/\/www.tqgg.com\/de\/wp-json\/wp\/v2\/media?parent=27399157"}],"wp:term":[{"taxonomy":"dipi_cpt_category","embeddable":true,"href":"https:\/\/www.tqgg.com\/de\/wp-json\/wp\/v2\/dipi_cpt_category?post=27399157"}],"curies":[{"name":"wp","href":"https:\/\/api.w.org\/{rel}","templated":true}]}}