{"id":27399166,"date":"2026-04-13T09:22:41","date_gmt":"2026-04-13T09:22:41","guid":{"rendered":"https:\/\/p-el4lkh.project.space\/?page_id=27399166"},"modified":"2026-04-13T09:22:44","modified_gmt":"2026-04-13T09:22:44","slug":"quality-first","status":"publish","type":"page","link":"https:\/\/www.tqgg.com\/de\/anlieferbedingungen\/quality-first\/","title":{"rendered":"Anlieferbedingungen Quality First GmbH"},"content":{"rendered":"<p>[et_pb_section fb_built=&#8220;1&#8243; _builder_version=&#8220;4.27.6&#8243; _module_preset=&#8220;default&#8220; locked=&#8220;off&#8220; global_colors_info=&#8220;{}&#8220; theme_builder_area=&#8220;post_content&#8220;][et_pb_row _builder_version=&#8220;4.27.6&#8243; _module_preset=&#8220;default&#8220; max_width=&#8220;80%&#8220; global_colors_info=&#8220;{}&#8220; theme_builder_area=&#8220;post_content&#8220;][et_pb_column type=&#8220;4_4&#8243; _builder_version=&#8220;4.27.6&#8243; _module_preset=&#8220;default&#8220; global_colors_info=&#8220;{}&#8220; theme_builder_area=&#8220;post_content&#8220;][et_pb_text _builder_version=&#8220;4.27.6&#8243; _module_preset=&#8220;default&#8220; text_font=&#8220;&#8211;et_global_body_font|100|||||||&#8220; text_text_color=&#8220;#000000&#8243; text_font_size=&#8220;17px&#8220; text_line_height=&#8220;1.6em&#8220; header_font=&#8220;|600||on|||||&#8220; header_font_size=&#8220;45px&#8220; hover_enabled=&#8220;0&#8243; text_font_size_tablet=&#8220;17px&#8220; text_font_size_phone=&#8220;16px&#8220; text_font_size_last_edited=&#8220;on|desktop&#8220; text_line_height_tablet=&#8220;1.4em&#8220; text_line_height_phone=&#8220;1.4em&#8220; text_line_height_last_edited=&#8220;on|phone&#8220; header_font_size_tablet=&#8220;25px&#8220; header_font_size_phone=&#8220;18px&#8220; header_font_size_last_edited=&#8220;on|phone&#8220; locked=&#8220;off&#8220; global_colors_info=&#8220;{}&#8220; theme_builder_area=&#8220;post_content&#8220; link_text_color=&#8220;#000000&#8243; sticky_enabled=&#8220;0&#8243;]<\/p>\n<h1>Anlieferbedingungen Quality First GmbH<\/h1>\n<h2>1. Geltungsbereich<\/h2>\n<p>Die in den Anlieferbedingungen genannten Vorschriften regeln den reibungslosen, logistischen Ablauf zwischen der Quality First GmbH und ihren Lieferanten. Die Bedingungen beschreiben die Grunds\u00e4tze der Transport-, Verpackungs- und Kennzeichnungsvorschriften.<\/p>\n<h2>2. Anlieferung<\/h2>\n<h3>2.1. Anlieferadresse\/-zeiten<\/h3>\n<p>Wir verf\u00fcgen \u00fcber die nachfolgend genannten Anlieferadressen. Auf Bestellungen wird die f\u00fcr den jeweiligen Vorgang einzuhaltende postalische Anlieferadresse aufgef\u00fchrt.<\/p>\n<table>\n<thead>\n<tr>\n<th>Anlieferadresse<\/th>\n<th>Warenannahme<\/th>\n<\/tr>\n<\/thead>\n<tbody>\n<tr>\n<td>MBS Sports GmbH<br \/>Rathenaustra\u00dfe 3<br \/>93055 Regensburg<br \/>Deutschland<\/td>\n<td>Montag \u2013 Freitag<br \/>06:30 bis 16:00 Uhr<\/p>\n<p><strong><u>E-Mail Avisierung:<\/u><\/strong><br \/><a href=\"mailto:logistik@mbs-sports.de\">logistik@mbs-sports.de<\/a><a href=\"https:\/\/www.mbssports.de\/anlieferung\" target=\"_blank\" rel=\"noopener noreferrer\"><br \/>www.mbssports.de\/anlieferung<br \/><\/a><\/p>\n<\/td>\n<\/tr>\n<\/tbody>\n<\/table>\n<p>Die Anlieferung muss innerhalb der Warenannahmezeiten erfolgen. Bei hohem Aufkommen k\u00f6nnen avisierte Termine verschoben werden. Hier erhalten Sie min. einen Werktag\/24h vor Lieferung eine schriftliche Ablehnung der Anlieferung mit Vergabe eines neuen Termins.<\/p>\n<h3>2.2. Zusatzkosten f\u00fcr Abweichungen der Anlieferung<\/h3>\n<p>Bei fehlerhafter Anlieferung werden dem Hersteller die hierdurch entstehenden Kosten belastet. Hierbei wird der entsprechende Zeitaufwand mit einem Stundensatz von 29,00 \u20ac berechnet. Eine fehlerhafte Lieferung entsteht durch die im Punkt 4 unzureichend erf\u00fcllten Punkte als auch durch abweichende Liefermengen und Ausschussware.<\/p>\n<h3>2.3. Information zur Anlieferung<\/h3>\n<ul>\n<li>Heckentladung mit Gabel- oder Elektro Hubwagen<\/li>\n<\/ul>\n<p>Eine Entladung von der Seite ist nicht m\u00f6glich. Bei der Warenannahme kann nur die Anzahl der angelieferten Paletten, Karton usw. sowie die \u00e4u\u00dferliche Unversehrtheit der Versandpackung quittiert werden. Besch\u00e4digungen der Ware bei der Anlieferung sind vom Fahrer auf dem Lieferschein zu best\u00e4tigen.<\/p>\n<h3>2.4. Lieferavis\/Zertifikate<\/h3>\n<p>Sendungen ohne vorherigen Avis, Lieferschein und Zollpapieren werden nicht angenommen.<\/p>\n<p>Angaben Lieferavis:<\/p>\n<ul>\n<li>Absender und Kunde<\/li>\n<li>PO-\/Bestellnummer<\/li>\n<li>Anzahl der Paletten<\/li>\n<li>Warenbezeichnung<\/li>\n<li>Versanddatum\/Lieferdatum\/Uhrzeit<\/li>\n<li>Lieferschein<\/li>\n<\/ul>\n<p>Avis, Lieferschein und Zollpapiere mindestens 2 Tage\/48h vor Anlieferung per Mail an:<\/p>\n<ul>\n<li><a class=\"underline\" href=\"mailto:logistik@mbs-sports.de\" target=\"_blank\" rel=\"noopener noreferrer\">logistik@mbs-sports.de<\/a><\/li>\n<\/ul>\n<h3>2.5. Palettentausch<\/h3>\n<p>Die Anlieferung soll grunds\u00e4tzlich auf tauschf\u00e4higen und unbesch\u00e4digten Euro-Paletten, Grundma\u00df 1200 \u00d7 800 \u00d7 130 mm (L\u00e4nge x Breite x H\u00f6he) der Qualit\u00e4tsklasse A oder B erfolgen. Nur tauschf\u00e4hige Standard-Euro-Paletten k\u00f6nnen gem\u00e4\u00df den Vorgaben der European Pallet Association (EPAL) getauscht werden. Der Lieferant hat daf\u00fcr Sorge zu tragen, dass er in der Lage ist, die Tauschpaletten bei der Anlieferung anzunehmen.<\/p>\n<h3>2.6. Sortenreine Lieferung<\/h3>\n<p>Verpackungseinheiten sind sortenrein anzuliefern. In einer Anliefereinheit d\u00fcrfen nicht mehrere Artikel gemischt verpackt sein. Jede Verpackungseinheit muss von au\u00dfen gut sichtbar an beiden Stirnseiten mit einem EAN-Code, Artikelnummer, Charge, Menge der Verpackungseinheit und Einzelgewicht pro Artikel in Gramm gekennzeichnet sein. Bei einem Wechsel der Mengen in einer Verpackungseinheit muss diese Information auf der Palette und der Verpackungseinheit klar ersichtlich sein. Die einzelnen Produkte m\u00fcssen alle einen EAN Code (GTIN) haben.<\/p>\n<h2>3. Lieferschein<\/h2>\n<p>Eine Warenannahme ist nur m\u00f6glich, wenn der Anlieferung ein Lieferschein mit folgenden Angaben beigef\u00fcgt ist:<\/p>\n<ul>\n<li>Lieferant und Anschrift<\/li>\n<li>Versanddatum\/Lieferdatum<\/li>\n<li>Besteller, Bestelldatum<\/li>\n<li>Bestellnummer<\/li>\n<li>St\u00fcckzahl und Menge, Gesamtanzahl der Paletten<\/li>\n<li>Warenbezeichnung, EAN-Code<\/li>\n<li>Mindesthaltbarkeitsdatum\/Charge<\/li>\n<li>CMR Dokumente und Packing List<\/li>\n<li>ggf. \u00d6ko-Kontrollstellennummer<\/li>\n<\/ul>\n<p>Bei Nichterf\u00fcllung oder nicht vorhandenem Lieferschein wird der Wareneingang abgelehnt.<\/p>\n<h3>4. Aufbau der Paletten<\/h3>\n<ul>\n<li>4.1. Die Anlieferung soll auf tauschf\u00e4higen und unbesch\u00e4digten Euro-Paletten, Grundma\u00df 1200 \u00d7 800 \u00d7 130 mm (L\u00e4nge x Breite x H\u00f6he) erfolgen. Das Stapelbild einer Palette muss flach und m\u00f6glichst in gleicher H\u00f6he abschIie\u00dfen, um das Stapeln der Paletten zu erm\u00f6glichen. Dies gilt besonders bei Mengen \u00fcber 33 Paletten. Die maximale H\u00f6he einer Palette betr\u00e4gt 1,90 m. Das Gewicht sollte hier 1000 kg nicht \u00fcberschreiten.<\/li>\n<li>4.2. Paletteneinheiten m\u00fcssen so verpackt sein, dass eine Anlieferung in einwandfreiem Zustand sichergestellt ist<\/li>\n<li>4.3. Eine Vermischung von mehreren Bestellungen auf einer Palette ist nicht zul\u00e4ssig. Ausgenommen es werden Aufsetzrahmen zum Abtrennen der einzelnen Bestellungen verwendet.<\/li>\n<li>4.4. Grunds\u00e4tzlich ist darauf zu achten, dass die Qualit\u00e4t der Teile nicht unter Gewicht oder Art der Verladung\/Verpackung besch\u00e4digt wird<\/li>\n<li>4.5. Die Paletten d\u00fcrfen nicht mit schwarzer Folie umwickelt werden<\/li>\n<\/ul>\n<h2>5. Abweichungen \/ Annahmevorbehalt<\/h2>\n<p>Von dieser Richtlinie abweichende Anlieferungen sind mit einem erheblichen Mehraufwand im Wareneingang verbunden. Daher beh\u00e4lt sich die Quality First GmbH grunds\u00e4tzlich vor, die Warenannahme zu verweigern oder den notwendigen Mehraufwand dem Lieferanten in Rechnung zu stellen. Abweichungen k\u00f6nnen im Einzelfall im Vorfeld festgelegt werden.<\/p>\n<p>[\/et_pb_text][\/et_pb_column][\/et_pb_row][\/et_pb_section]<\/p>\n","protected":false},"excerpt":{"rendered":"<p>Anlieferbedingungen Quality First GmbH 1. Geltungsbereich Die in den Anlieferbedingungen genannten Vorschriften regeln den reibungslosen, logistischen Ablauf zwischen der Quality First GmbH und ihren Lieferanten. Die Bedingungen beschreiben die Grunds\u00e4tze der Transport-, Verpackungs- und Kennzeichnungsvorschriften. 2. Anlieferung 2.1. Anlieferadresse\/-zeiten Wir verf\u00fcgen \u00fcber die nachfolgend genannten Anlieferadressen. Auf Bestellungen wird die f\u00fcr den jeweiligen Vorgang einzuhaltende [&hellip;]<\/p>\n","protected":false},"author":1,"featured_media":0,"parent":27399153,"menu_order":0,"comment_status":"closed","ping_status":"closed","template":"","meta":{"_et_pb_use_builder":"on","_et_pb_old_content":"","_et_gb_content_width":"","footnotes":""},"dipi_cpt_category":[],"class_list":["post-27399166","page","type-page","status-publish","hentry"],"yoast_head":"<!-- This site is optimized with the Yoast SEO plugin v27.4 - https:\/\/yoast.com\/product\/yoast-seo-wordpress\/ -->\n<title>Anlieferbedingungen Quality First GmbH - The Quality Group<\/title>\n<meta name=\"robots\" content=\"index, follow, max-snippet:-1, max-image-preview:large, max-video-preview:-1\" \/>\n<link rel=\"canonical\" href=\"https:\/\/www.tqgg.com\/de\/anlieferbedingungen\/quality-first\/\" \/>\n<meta property=\"og:locale\" content=\"de_DE\" \/>\n<meta property=\"og:type\" content=\"article\" \/>\n<meta property=\"og:title\" content=\"Anlieferbedingungen Quality First GmbH - The Quality Group\" \/>\n<meta property=\"og:description\" content=\"Anlieferbedingungen Quality First GmbH 1. Geltungsbereich Die in den Anlieferbedingungen genannten Vorschriften regeln den reibungslosen, logistischen Ablauf zwischen der Quality First GmbH und ihren Lieferanten. Die Bedingungen beschreiben die Grunds\u00e4tze der Transport-, Verpackungs- und Kennzeichnungsvorschriften. 2. Anlieferung 2.1. Anlieferadresse\/-zeiten Wir verf\u00fcgen \u00fcber die nachfolgend genannten Anlieferadressen. Auf Bestellungen wird die f\u00fcr den jeweiligen Vorgang einzuhaltende [&hellip;]\" \/>\n<meta property=\"og:url\" content=\"https:\/\/www.tqgg.com\/de\/anlieferbedingungen\/quality-first\/\" \/>\n<meta property=\"og:site_name\" content=\"The Quality Group\" \/>\n<meta property=\"article:modified_time\" content=\"2026-04-13T09:22:44+00:00\" \/>\n<meta name=\"twitter:card\" content=\"summary_large_image\" \/>\n<meta name=\"twitter:label1\" content=\"Gesch\u00e4tzte Lesezeit\" \/>\n\t<meta name=\"twitter:data1\" content=\"4\u00a0Minuten\" \/>\n<script type=\"application\/ld+json\" class=\"yoast-schema-graph\">{\"@context\":\"https:\\\/\\\/schema.org\",\"@graph\":[{\"@type\":\"WebPage\",\"@id\":\"https:\\\/\\\/www.tqgg.com\\\/de\\\/anlieferbedingungen\\\/quality-first\\\/\",\"url\":\"https:\\\/\\\/www.tqgg.com\\\/de\\\/anlieferbedingungen\\\/quality-first\\\/\",\"name\":\"Anlieferbedingungen Quality First GmbH - The Quality Group\",\"isPartOf\":{\"@id\":\"https:\\\/\\\/www.tqgg.com\\\/de\\\/#website\"},\"datePublished\":\"2026-04-13T09:22:41+00:00\",\"dateModified\":\"2026-04-13T09:22:44+00:00\",\"breadcrumb\":{\"@id\":\"https:\\\/\\\/www.tqgg.com\\\/de\\\/anlieferbedingungen\\\/quality-first\\\/#breadcrumb\"},\"inLanguage\":\"de\",\"potentialAction\":[{\"@type\":\"ReadAction\",\"target\":[\"https:\\\/\\\/www.tqgg.com\\\/de\\\/anlieferbedingungen\\\/quality-first\\\/\"]}]},{\"@type\":\"BreadcrumbList\",\"@id\":\"https:\\\/\\\/www.tqgg.com\\\/de\\\/anlieferbedingungen\\\/quality-first\\\/#breadcrumb\",\"itemListElement\":[{\"@type\":\"ListItem\",\"position\":1,\"name\":\"Start\",\"item\":\"https:\\\/\\\/www.tqgg.com\\\/de\\\/\"},{\"@type\":\"ListItem\",\"position\":2,\"name\":\"Anlieferbedingungen\",\"item\":\"https:\\\/\\\/www.tqgg.com\\\/de\\\/anlieferbedingungen\\\/\"},{\"@type\":\"ListItem\",\"position\":3,\"name\":\"Anlieferbedingungen Quality First GmbH\"}]},{\"@type\":\"WebSite\",\"@id\":\"https:\\\/\\\/www.tqgg.com\\\/de\\\/#website\",\"url\":\"https:\\\/\\\/www.tqgg.com\\\/de\\\/\",\"name\":\"The Quality Group\",\"description\":\"Willkommen bei The Quality Group GmbH\",\"potentialAction\":[{\"@type\":\"SearchAction\",\"target\":{\"@type\":\"EntryPoint\",\"urlTemplate\":\"https:\\\/\\\/www.tqgg.com\\\/de\\\/?s={search_term_string}\"},\"query-input\":{\"@type\":\"PropertyValueSpecification\",\"valueRequired\":true,\"valueName\":\"search_term_string\"}}],\"inLanguage\":\"de\"}]}<\/script>\n<!-- \/ Yoast SEO plugin. -->","yoast_head_json":{"title":"Anlieferbedingungen Quality First GmbH - The Quality Group","robots":{"index":"index","follow":"follow","max-snippet":"max-snippet:-1","max-image-preview":"max-image-preview:large","max-video-preview":"max-video-preview:-1"},"canonical":"https:\/\/www.tqgg.com\/de\/anlieferbedingungen\/quality-first\/","og_locale":"de_DE","og_type":"article","og_title":"Anlieferbedingungen Quality First GmbH - The Quality Group","og_description":"Anlieferbedingungen Quality First GmbH 1. Geltungsbereich Die in den Anlieferbedingungen genannten Vorschriften regeln den reibungslosen, logistischen Ablauf zwischen der Quality First GmbH und ihren Lieferanten. Die Bedingungen beschreiben die Grunds\u00e4tze der Transport-, Verpackungs- und Kennzeichnungsvorschriften. 2. Anlieferung 2.1. Anlieferadresse\/-zeiten Wir verf\u00fcgen \u00fcber die nachfolgend genannten Anlieferadressen. Auf Bestellungen wird die f\u00fcr den jeweiligen Vorgang einzuhaltende [&hellip;]","og_url":"https:\/\/www.tqgg.com\/de\/anlieferbedingungen\/quality-first\/","og_site_name":"The Quality Group","article_modified_time":"2026-04-13T09:22:44+00:00","twitter_card":"summary_large_image","twitter_misc":{"Gesch\u00e4tzte Lesezeit":"4\u00a0Minuten"},"schema":{"@context":"https:\/\/schema.org","@graph":[{"@type":"WebPage","@id":"https:\/\/www.tqgg.com\/de\/anlieferbedingungen\/quality-first\/","url":"https:\/\/www.tqgg.com\/de\/anlieferbedingungen\/quality-first\/","name":"Anlieferbedingungen Quality First GmbH - The Quality Group","isPartOf":{"@id":"https:\/\/www.tqgg.com\/de\/#website"},"datePublished":"2026-04-13T09:22:41+00:00","dateModified":"2026-04-13T09:22:44+00:00","breadcrumb":{"@id":"https:\/\/www.tqgg.com\/de\/anlieferbedingungen\/quality-first\/#breadcrumb"},"inLanguage":"de","potentialAction":[{"@type":"ReadAction","target":["https:\/\/www.tqgg.com\/de\/anlieferbedingungen\/quality-first\/"]}]},{"@type":"BreadcrumbList","@id":"https:\/\/www.tqgg.com\/de\/anlieferbedingungen\/quality-first\/#breadcrumb","itemListElement":[{"@type":"ListItem","position":1,"name":"Start","item":"https:\/\/www.tqgg.com\/de\/"},{"@type":"ListItem","position":2,"name":"Anlieferbedingungen","item":"https:\/\/www.tqgg.com\/de\/anlieferbedingungen\/"},{"@type":"ListItem","position":3,"name":"Anlieferbedingungen Quality First GmbH"}]},{"@type":"WebSite","@id":"https:\/\/www.tqgg.com\/de\/#website","url":"https:\/\/www.tqgg.com\/de\/","name":"The Quality Group","description":"Willkommen bei The Quality Group GmbH","potentialAction":[{"@type":"SearchAction","target":{"@type":"EntryPoint","urlTemplate":"https:\/\/www.tqgg.com\/de\/?s={search_term_string}"},"query-input":{"@type":"PropertyValueSpecification","valueRequired":true,"valueName":"search_term_string"}}],"inLanguage":"de"}]}},"_links":{"self":[{"href":"https:\/\/www.tqgg.com\/de\/wp-json\/wp\/v2\/pages\/27399166","targetHints":{"allow":["GET"]}}],"collection":[{"href":"https:\/\/www.tqgg.com\/de\/wp-json\/wp\/v2\/pages"}],"about":[{"href":"https:\/\/www.tqgg.com\/de\/wp-json\/wp\/v2\/types\/page"}],"author":[{"embeddable":true,"href":"https:\/\/www.tqgg.com\/de\/wp-json\/wp\/v2\/users\/1"}],"replies":[{"embeddable":true,"href":"https:\/\/www.tqgg.com\/de\/wp-json\/wp\/v2\/comments?post=27399166"}],"version-history":[{"count":2,"href":"https:\/\/www.tqgg.com\/de\/wp-json\/wp\/v2\/pages\/27399166\/revisions"}],"predecessor-version":[{"id":27399169,"href":"https:\/\/www.tqgg.com\/de\/wp-json\/wp\/v2\/pages\/27399166\/revisions\/27399169"}],"up":[{"embeddable":true,"href":"https:\/\/www.tqgg.com\/de\/wp-json\/wp\/v2\/pages\/27399153"}],"wp:attachment":[{"href":"https:\/\/www.tqgg.com\/de\/wp-json\/wp\/v2\/media?parent=27399166"}],"wp:term":[{"taxonomy":"dipi_cpt_category","embeddable":true,"href":"https:\/\/www.tqgg.com\/de\/wp-json\/wp\/v2\/dipi_cpt_category?post=27399166"}],"curies":[{"name":"wp","href":"https:\/\/api.w.org\/{rel}","templated":true}]}}